{"id":219,"date":"2023-01-18T23:07:20","date_gmt":"2023-01-18T23:07:20","guid":{"rendered":"https:\/\/mx.store.amadamadonna.com\/es\/?page_id=219"},"modified":"2023-04-25T19:16:27","modified_gmt":"2023-04-25T19:16:27","slug":"atencion-al-cliente","status":"publish","type":"page","link":"https:\/\/mx.store.amadamadonna.com\/es\/atencion-al-cliente\/","title":{"rendered":"Atenci\u00f3n al Cliente"},"content":{"rendered":"<div id=\"pl-219\"  class=\"panel-layout\" ><div id=\"pg-219-0\"  class=\"panel-grid panel-no-style\" ><div id=\"pgc-219-0-0\"  class=\"panel-grid-cell\" ><div id=\"panel-219-0-0-0\" class=\"so-panel widget widget_sow-hero panel-first-child\" data-index=\"0\" ><div\n\t\t\t\n\t\t\tclass=\"so-widget-sow-hero so-widget-sow-hero-default-93415d0e2dbf-219 so-widget-fittext-wrapper\"\n\t\t\t data-fit-text-compressor=\"0.85\"\n\t\t>\t\t\t\t<div class=\"sow-slider-base\" style=\"display: none\" tabindex=\"0\">\n\t\t\t\t\t<ul\n\t\t\t\t\tclass=\"sow-slider-images\"\n\t\t\t\t\tdata-settings=\"{&quot;pagination&quot;:true,&quot;speed&quot;:800,&quot;timeout&quot;:8000,&quot;paused&quot;:false,&quot;pause_on_hover&quot;:false,&quot;swipe&quot;:true,&quot;nav_always_show_desktop&quot;:&quot;&quot;,&quot;nav_always_show_mobile&quot;:&quot;&quot;,&quot;breakpoint&quot;:&quot;780px&quot;,&quot;unmute&quot;:false,&quot;anchor&quot;:null}\"\n\t\t\t\t\t\t\t\t\t\tdata-anchor-id=\"\"\n\t\t\t\t>\t\t<li class=\"sow-slider-image  sow-slider-image-cover\" style=\"visibility: visible;;background-color: #333333;background-image: url(https:\/\/mx.store.amadamadonna.com\/es\/wp-content\/uploads\/sites\/3\/2023\/01\/atencion-al-cliente-de-amada-madonna-store-mx-es.jpg)\" >\n\t\t\t\t\t<div class=\"sow-slider-image-container\">\n\t\t\t<div class=\"sow-slider-image-wrapper\">\n\t\t\t\t<h2 style=\"text-align: center\">\u00bfEn qu\u00e9 podemos ayudarte el d\u00eda de hoy?<\/h2>\n<h3 style=\"text-align: center\">\u00bfCu\u00e1l tema de ayuda es el m\u00e1s adecuado para ti?<\/h3>\n<p style=\"text-align: center\"><img decoding=\"async\" class=\"aligncenter size-thumbnail wp-image-194\" src=\"https:\/\/mx.store.amadamadonna.com\/es\/wp-content\/uploads\/sites\/3\/2023\/01\/logotipo-de-la-empresa-amada-madonna-150x150.png\" alt=\"Logotipo de la Empresa Amada Madonna.\" width=\"150\" height=\"150\" \/><\/p>\n\t\t\t<\/div>\n\t\t<\/div>\n\t\t\t\t<\/li>\n\t\t<\/ul>\t\t\t\t<ol class=\"sow-slider-pagination\">\n\t\t\t\t\t\t\t\t\t\t\t<li><a href=\"#\" data-goto=\"0\" aria-label=\"mostrar diapositiva 1\"><\/a><\/li>\n\t\t\t\t\t\t\t\t\t<\/ol>\n\n\t\t\t\t<div class=\"sow-slide-nav sow-slide-nav-next\">\n\t\t\t\t\t<a href=\"#\" data-goto=\"next\" aria-label=\"diapositiva siguiente\" data-action=\"next\">\n\t\t\t\t\t\t<em class=\"sow-sld-icon-thin-right\"><\/em>\n\t\t\t\t\t<\/a>\n\t\t\t\t<\/div>\n\n\t\t\t\t<div class=\"sow-slide-nav sow-slide-nav-prev\">\n\t\t\t\t\t<a href=\"#\" data-goto=\"previous\" aria-label=\"diapositiva anterior\" data-action=\"prev\">\n\t\t\t\t\t\t<em class=\"sow-sld-icon-thin-left\"><\/em>\n\t\t\t\t\t<\/a>\n\t\t\t\t<\/div>\n\t\t\t\t<\/div><\/div><\/div><div id=\"panel-219-0-0-1\" class=\"so-panel widget widget_sow-editor panel-last-child\" data-index=\"1\" ><div\n\t\t\t\n\t\t\tclass=\"so-widget-sow-editor so-widget-sow-editor-base\"\n\t\t\t\n\t\t>\n<div class=\"siteorigin-widget-tinymce textwidget\">\n\t<p style=\"text-align: center;\">Para ayudarte de la manera m\u00e1s eficiente, puedes escoger el tipo de ayuda que necesitas por categor\u00edas. Todo est\u00e1 bien organizado.<\/p>\n<\/div>\n<\/div><\/div><\/div><\/div><div id=\"pg-219-1\"  class=\"panel-grid panel-no-style\" ><div id=\"pgc-219-1-0\"  class=\"panel-grid-cell\" ><div id=\"panel-219-1-0-0\" class=\"so-panel widget widget_sow-tabs panel-first-child\" data-index=\"2\" ><div\n\t\t\t\n\t\t\tclass=\"so-widget-sow-tabs so-widget-sow-tabs-default-e4c3ec3e16cb-219\"\n\t\t\t\n\t\t><h3 class=\"widget-title\">Dudas y consultas.<\/h3><div class=\"sow-tabs\">\n\t<div class=\"sow-tabs-tab-container\" role=\"tablist\">\n\t\t\t<div\n\t\t\tclass=\"sow-tabs-tab\n\t\t\t sow-tabs-tab-selected\t\t\t\"\n\t\t\trole=\"tab\"\n\t\t\tdata-anchor-id=\"base-de-conocimientos\"\n\t\t\taria-selected=\"true\"\n\t\t\ttabindex=\"0\"\n\t\t>\n\t\t\t<div class=\"sow-tabs-title sow-tabs-title-icon-left\">\n\t\t\t\t\t\t\t\tBase de conocimientos\t\t\t\t\t\t\t<\/div>\n\t\t<\/div>\n\t\t\t<div\n\t\t\tclass=\"sow-tabs-tab\n\t\t\t\t\t\t\"\n\t\t\trole=\"tab\"\n\t\t\tdata-anchor-id=\"boletos-de-ayuda\"\n\t\t\taria-selected=\"false\"\n\t\t\ttabindex=\"0\"\n\t\t>\n\t\t\t<div class=\"sow-tabs-title sow-tabs-title-icon-left\">\n\t\t\t\t\t\t\t\tBoletos de ayuda\t\t\t\t\t\t\t<\/div>\n\t\t<\/div>\n\t\t<\/div>\n\n\t<div class=\"sow-tabs-panel-container\">\n\t\t\t<div class=\"sow-tabs-panel\">\n\t\t\t<div\n\t\t\t\tclass=\"sow-tabs-panel-content\"\n\t\t\t\trole=\"tabpanel\"\n\t\t\t\taria-hidden=\"false\"\n\t\t\t>\n\t\t\t\t<h4 style=\"text-align: center\">Documentaci\u00f3n especializada.<\/h4>\n<p style=\"text-align: center\"><img decoding=\"async\" class=\"aligncenter size-thumbnail wp-image-227\" src=\"https:\/\/mx.store.amadamadonna.com\/es\/wp-content\/uploads\/sites\/3\/2023\/01\/base-de-conocimientos-en-amada-madonna-150x150.png\" alt=\"Base de conocimientos en Amada Madonna.\" width=\"150\" height=\"150\" srcset=\"https:\/\/mx.store.amadamadonna.com\/es\/wp-content\/uploads\/sites\/3\/2023\/01\/base-de-conocimientos-en-amada-madonna-150x150.png 150w, https:\/\/mx.store.amadamadonna.com\/es\/wp-content\/uploads\/sites\/3\/2023\/01\/base-de-conocimientos-en-amada-madonna-300x300.png 300w, https:\/\/mx.store.amadamadonna.com\/es\/wp-content\/uploads\/sites\/3\/2023\/01\/base-de-conocimientos-en-amada-madonna-324x324.png 324w, https:\/\/mx.store.amadamadonna.com\/es\/wp-content\/uploads\/sites\/3\/2023\/01\/base-de-conocimientos-en-amada-madonna-416x416.png 416w, https:\/\/mx.store.amadamadonna.com\/es\/wp-content\/uploads\/sites\/3\/2023\/01\/base-de-conocimientos-en-amada-madonna-100x100.png 100w, https:\/\/mx.store.amadamadonna.com\/es\/wp-content\/uploads\/sites\/3\/2023\/01\/base-de-conocimientos-en-amada-madonna-50x50.png 50w, https:\/\/mx.store.amadamadonna.com\/es\/wp-content\/uploads\/sites\/3\/2023\/01\/base-de-conocimientos-en-amada-madonna-375x375.png 375w, https:\/\/mx.store.amadamadonna.com\/es\/wp-content\/uploads\/sites\/3\/2023\/01\/base-de-conocimientos-en-amada-madonna.png 512w\" sizes=\"(max-width: 150px) 100vw, 150px\" \/><\/p>\n<p style=\"text-align: center\">Resuelve dudas a trav\u00e9s de la documentaci\u00f3n t\u00e9cnica acerca de nuestras plataformas. Adem\u00e1s obt\u00e9n \u00fatiles consejos acerca del mejor uso de nuestras tecnolog\u00edas.<\/p>\n<p style=\"text-align: center\">Pr\u00f3ximamente.<\/p>\n\t\t\t<\/div>\n\t\t<\/div>\n\t\t\t<div class=\"sow-tabs-panel\">\n\t\t\t<div\n\t\t\t\tclass=\"sow-tabs-panel-content\"\n\t\t\t\trole=\"tabpanel\"\n\t\t\t\taria-hidden=\"true\"\n\t\t\t>\n\t\t\t\t<h4 style=\"text-align: center\">Solicita un boleto para recibir ayuda personalizada.<\/h4>\n<p style=\"text-align: center\"><img decoding=\"async\" class=\"aligncenter size-thumbnail wp-image-228\" src=\"https:\/\/mx.store.amadamadonna.com\/es\/wp-content\/uploads\/sites\/3\/2023\/01\/boleto-de-ayuda-en-amada-madonna-150x150.png\" alt=\"Boleto de ayuda en Amada Madonna.\" width=\"150\" height=\"150\" srcset=\"https:\/\/mx.store.amadamadonna.com\/es\/wp-content\/uploads\/sites\/3\/2023\/01\/boleto-de-ayuda-en-amada-madonna-150x150.png 150w, https:\/\/mx.store.amadamadonna.com\/es\/wp-content\/uploads\/sites\/3\/2023\/01\/boleto-de-ayuda-en-amada-madonna-300x300.png 300w, https:\/\/mx.store.amadamadonna.com\/es\/wp-content\/uploads\/sites\/3\/2023\/01\/boleto-de-ayuda-en-amada-madonna-324x324.png 324w, https:\/\/mx.store.amadamadonna.com\/es\/wp-content\/uploads\/sites\/3\/2023\/01\/boleto-de-ayuda-en-amada-madonna-416x416.png 416w, https:\/\/mx.store.amadamadonna.com\/es\/wp-content\/uploads\/sites\/3\/2023\/01\/boleto-de-ayuda-en-amada-madonna-100x100.png 100w, https:\/\/mx.store.amadamadonna.com\/es\/wp-content\/uploads\/sites\/3\/2023\/01\/boleto-de-ayuda-en-amada-madonna-50x50.png 50w, https:\/\/mx.store.amadamadonna.com\/es\/wp-content\/uploads\/sites\/3\/2023\/01\/boleto-de-ayuda-en-amada-madonna-375x375.png 375w, https:\/\/mx.store.amadamadonna.com\/es\/wp-content\/uploads\/sites\/3\/2023\/01\/boleto-de-ayuda-en-amada-madonna.png 512w\" sizes=\"(max-width: 150px) 100vw, 150px\" \/><\/p>\n<p style=\"text-align: center\">Puedes solicitar un boleto de ayuda para recibir apoyo personalizado por parte del equipo de Atenci\u00f3n al Cliente, recuerda que debes de ser cliente para solicitar este servicio.<\/p>\n<p style=\"text-align: center\">Pr\u00f3ximamente.<\/p>\n\t\t\t<\/div>\n\t\t<\/div>\n\t\t<\/div>\n<\/div>\n<\/div><\/div><div id=\"panel-219-1-0-1\" class=\"so-panel widget widget_sow-tabs panel-last-child\" data-index=\"3\" ><div\n\t\t\t\n\t\t\tclass=\"so-widget-sow-tabs so-widget-sow-tabs-default-e4c3ec3e16cb-219\"\n\t\t\t\n\t\t><h3 class=\"widget-title\">Compras y contrataciones.<\/h3><div class=\"sow-tabs\">\n\t<div class=\"sow-tabs-tab-container\" role=\"tablist\">\n\t\t\t<div\n\t\t\tclass=\"sow-tabs-tab\n\t\t\t sow-tabs-tab-selected\t\t\t\"\n\t\t\trole=\"tab\"\n\t\t\tdata-anchor-id=\"confirmacion-de-pagos\"\n\t\t\taria-selected=\"true\"\n\t\t\ttabindex=\"0\"\n\t\t>\n\t\t\t<div class=\"sow-tabs-title sow-tabs-title-icon-left\">\n\t\t\t\t\t\t\t\tConfirmaci\u00f3n de pagos\t\t\t\t\t\t\t<\/div>\n\t\t<\/div>\n\t\t\t<div\n\t\t\tclass=\"sow-tabs-tab\n\t\t\t\t\t\t\"\n\t\t\trole=\"tab\"\n\t\t\tdata-anchor-id=\"recompensas-y-reembolsos\"\n\t\t\taria-selected=\"false\"\n\t\t\ttabindex=\"0\"\n\t\t>\n\t\t\t<div class=\"sow-tabs-title sow-tabs-title-icon-left\">\n\t\t\t\t\t\t\t\tRecompensas y reembolsos\t\t\t\t\t\t\t<\/div>\n\t\t<\/div>\n\t\t<\/div>\n\n\t<div class=\"sow-tabs-panel-container\">\n\t\t\t<div class=\"sow-tabs-panel\">\n\t\t\t<div\n\t\t\t\tclass=\"sow-tabs-panel-content\"\n\t\t\t\trole=\"tabpanel\"\n\t\t\t\taria-hidden=\"false\"\n\t\t\t>\n\t\t\t\t<h4 style=\"text-align: center\">De forma f\u00e1cil y segura podr\u00e1s confirmar pagos.<\/h4>\n<p style=\"text-align: center\"><img decoding=\"async\" class=\"aligncenter size-thumbnail wp-image-232\" src=\"https:\/\/mx.store.amadamadonna.com\/es\/wp-content\/uploads\/sites\/3\/2023\/01\/confirmacion-de-pagos-en-amada-madonna-150x150.png\" alt=\"Confirmaci\u00f3n de pagos en Amada Madonna.\" width=\"150\" height=\"150\" srcset=\"https:\/\/mx.store.amadamadonna.com\/es\/wp-content\/uploads\/sites\/3\/2023\/01\/confirmacion-de-pagos-en-amada-madonna-150x150.png 150w, https:\/\/mx.store.amadamadonna.com\/es\/wp-content\/uploads\/sites\/3\/2023\/01\/confirmacion-de-pagos-en-amada-madonna-300x300.png 300w, https:\/\/mx.store.amadamadonna.com\/es\/wp-content\/uploads\/sites\/3\/2023\/01\/confirmacion-de-pagos-en-amada-madonna-324x324.png 324w, https:\/\/mx.store.amadamadonna.com\/es\/wp-content\/uploads\/sites\/3\/2023\/01\/confirmacion-de-pagos-en-amada-madonna-416x416.png 416w, https:\/\/mx.store.amadamadonna.com\/es\/wp-content\/uploads\/sites\/3\/2023\/01\/confirmacion-de-pagos-en-amada-madonna-100x100.png 100w, https:\/\/mx.store.amadamadonna.com\/es\/wp-content\/uploads\/sites\/3\/2023\/01\/confirmacion-de-pagos-en-amada-madonna-50x50.png 50w, https:\/\/mx.store.amadamadonna.com\/es\/wp-content\/uploads\/sites\/3\/2023\/01\/confirmacion-de-pagos-en-amada-madonna-375x375.png 375w, https:\/\/mx.store.amadamadonna.com\/es\/wp-content\/uploads\/sites\/3\/2023\/01\/confirmacion-de-pagos-en-amada-madonna.png 512w\" sizes=\"(max-width: 150px) 100vw, 150px\" \/><\/p>\n<p style=\"text-align: center\">Si realizaste un pago y deseas hacer una confirmaci\u00f3n debes saber que podemos guiarte paso a paso para realizar la confirmaci\u00f3n del pago de manera segura con el Centro de Atenci\u00f3n al Cliente.<\/p>\n<p style=\"text-align: center\"><em>Siente la confianza del profesionalismo de una empresa legalmente constituida<\/em>.<\/p>\n\t\t\t<\/div>\n\t\t<\/div>\n\t\t\t<div class=\"sow-tabs-panel\">\n\t\t\t<div\n\t\t\t\tclass=\"sow-tabs-panel-content\"\n\t\t\t\trole=\"tabpanel\"\n\t\t\t\taria-hidden=\"true\"\n\t\t\t>\n\t\t\t\t<h4 style=\"text-align: center\">Disfruta de recompensas en cada una de tus compras.<\/h4>\n<p style=\"text-align: center\"><img decoding=\"async\" class=\"aligncenter size-thumbnail wp-image-235\" src=\"https:\/\/mx.store.amadamadonna.com\/es\/wp-content\/uploads\/sites\/3\/2023\/01\/recompensas-y-reembolsos-en-amada-madonna-150x150.png\" alt=\"Recompensas y reembolsos en Amada Madonna.\" width=\"150\" height=\"150\" srcset=\"https:\/\/mx.store.amadamadonna.com\/es\/wp-content\/uploads\/sites\/3\/2023\/01\/recompensas-y-reembolsos-en-amada-madonna-150x150.png 150w, https:\/\/mx.store.amadamadonna.com\/es\/wp-content\/uploads\/sites\/3\/2023\/01\/recompensas-y-reembolsos-en-amada-madonna-300x300.png 300w, https:\/\/mx.store.amadamadonna.com\/es\/wp-content\/uploads\/sites\/3\/2023\/01\/recompensas-y-reembolsos-en-amada-madonna-324x324.png 324w, https:\/\/mx.store.amadamadonna.com\/es\/wp-content\/uploads\/sites\/3\/2023\/01\/recompensas-y-reembolsos-en-amada-madonna-416x416.png 416w, https:\/\/mx.store.amadamadonna.com\/es\/wp-content\/uploads\/sites\/3\/2023\/01\/recompensas-y-reembolsos-en-amada-madonna-100x100.png 100w, https:\/\/mx.store.amadamadonna.com\/es\/wp-content\/uploads\/sites\/3\/2023\/01\/recompensas-y-reembolsos-en-amada-madonna-50x50.png 50w, https:\/\/mx.store.amadamadonna.com\/es\/wp-content\/uploads\/sites\/3\/2023\/01\/recompensas-y-reembolsos-en-amada-madonna-375x375.png 375w, https:\/\/mx.store.amadamadonna.com\/es\/wp-content\/uploads\/sites\/3\/2023\/01\/recompensas-y-reembolsos-en-amada-madonna.png 512w\" sizes=\"(max-width: 150px) 100vw, 150px\" \/><\/p>\n<p style=\"text-align: center\">Cada una de tus compras aporta un porcentaje en dinero electr\u00f3nico, que se abonar\u00e1 autom\u00e1ticamente a tu cuenta en Amada Madonna Wallet. As\u00ed cuando realices una nueva compra, tu saldo ser\u00e1 deducido y siempre comprar\u00e1s ahorrando con el mejor precio posible.<\/p>\n<p style=\"text-align: center\"><em>En este servicio tambi\u00e9n se realizan los reembolsos cuando correspondan<\/em>.<\/p>\n\t\t\t<\/div>\n\t\t<\/div>\n\t\t<\/div>\n<\/div>\n<\/div><\/div><\/div><\/div><\/div>","protected":false},"excerpt":{"rendered":"<p>Para ayudarte de la manera m\u00e1s eficiente, puedes escoger el tipo de ayuda que necesitas por categor\u00edas. Todo est\u00e1 bien organizado.<\/p>\n","protected":false},"author":1,"featured_media":0,"parent":0,"menu_order":5,"comment_status":"closed","ping_status":"closed","template":"","meta":{"_acf_changed":false,"footnotes":""},"folder":[37],"class_list":["post-219","page","type-page","status-publish","hentry"],"acf":[],"yoast_head":"<!-- This site is optimized with the Yoast SEO plugin v27.4 - https:\/\/yoast.com\/product\/yoast-seo-wordpress\/ -->\n<title>Atenci\u00f3n al Cliente - Amada Madonna Store MX - ES<\/title>\n<meta name=\"robots\" content=\"index, follow, max-snippet:-1, max-image-preview:large, max-video-preview:-1\" \/>\n<link rel=\"canonical\" href=\"https:\/\/mx.store.amadamadonna.com\/es\/atencion-al-cliente\/\" \/>\n<meta property=\"og:locale\" content=\"es_ES\" \/>\n<meta property=\"og:type\" content=\"article\" \/>\n<meta property=\"og:title\" content=\"Atenci\u00f3n al Cliente - Amada Madonna Store MX - ES\" \/>\n<meta property=\"og:description\" content=\"Para ayudarte de la manera m\u00e1s eficiente, puedes escoger el tipo de ayuda que necesitas por categor\u00edas. Todo est\u00e1 bien organizado.\" \/>\n<meta property=\"og:url\" content=\"https:\/\/mx.store.amadamadonna.com\/es\/atencion-al-cliente\/\" \/>\n<meta property=\"og:site_name\" content=\"Amada Madonna Store MX - ES\" \/>\n<meta property=\"article:publisher\" content=\"https:\/\/www.facebook.com\/amadamadonna\" \/>\n<meta property=\"article:modified_time\" content=\"2023-04-25T19:16:27+00:00\" \/>\n<meta name=\"twitter:card\" content=\"summary_large_image\" \/>\n<meta name=\"twitter:site\" content=\"@amadamadonna\" \/>\n<meta name=\"twitter:label1\" content=\"Tiempo de lectura\" \/>\n\t<meta name=\"twitter:data1\" content=\"1 minuto\" \/>\n<script type=\"application\/ld+json\" class=\"yoast-schema-graph\">{\"@context\":\"https:\\\/\\\/schema.org\",\"@graph\":[{\"@type\":\"WebPage\",\"@id\":\"https:\\\/\\\/mx.store.amadamadonna.com\\\/es\\\/atencion-al-cliente\\\/\",\"url\":\"https:\\\/\\\/mx.store.amadamadonna.com\\\/es\\\/atencion-al-cliente\\\/\",\"name\":\"Atenci\u00f3n al Cliente - Amada Madonna Store MX - ES\",\"isPartOf\":{\"@id\":\"https:\\\/\\\/mx.store.amadamadonna.com\\\/es\\\/#website\"},\"datePublished\":\"2023-01-18T23:07:20+00:00\",\"dateModified\":\"2023-04-25T19:16:27+00:00\",\"breadcrumb\":{\"@id\":\"https:\\\/\\\/mx.store.amadamadonna.com\\\/es\\\/atencion-al-cliente\\\/#breadcrumb\"},\"inLanguage\":\"es\",\"potentialAction\":[{\"@type\":\"ReadAction\",\"target\":[\"https:\\\/\\\/mx.store.amadamadonna.com\\\/es\\\/atencion-al-cliente\\\/\"]}]},{\"@type\":\"BreadcrumbList\",\"@id\":\"https:\\\/\\\/mx.store.amadamadonna.com\\\/es\\\/atencion-al-cliente\\\/#breadcrumb\",\"itemListElement\":[{\"@type\":\"ListItem\",\"position\":1,\"name\":\"Home\",\"item\":\"https:\\\/\\\/mx.store.amadamadonna.com\\\/es\\\/\"},{\"@type\":\"ListItem\",\"position\":2,\"name\":\"Atenci\u00f3n al Cliente\"}]},{\"@type\":\"WebSite\",\"@id\":\"https:\\\/\\\/mx.store.amadamadonna.com\\\/es\\\/#website\",\"url\":\"https:\\\/\\\/mx.store.amadamadonna.com\\\/es\\\/\",\"name\":\"Amada Madonna Store MX - ES\",\"description\":\"Tienda de la Liga de Bodas, Celebraciones y Viajes.\",\"publisher\":{\"@id\":\"https:\\\/\\\/mx.store.amadamadonna.com\\\/es\\\/#organization\"},\"potentialAction\":[{\"@type\":\"SearchAction\",\"target\":{\"@type\":\"EntryPoint\",\"urlTemplate\":\"https:\\\/\\\/mx.store.amadamadonna.com\\\/es\\\/?s={search_term_string}\"},\"query-input\":{\"@type\":\"PropertyValueSpecification\",\"valueRequired\":true,\"valueName\":\"search_term_string\"}}],\"inLanguage\":\"es\"},{\"@type\":\"Organization\",\"@id\":\"https:\\\/\\\/mx.store.amadamadonna.com\\\/es\\\/#organization\",\"name\":\"Empresa Amada Madonna\",\"url\":\"https:\\\/\\\/mx.store.amadamadonna.com\\\/es\\\/\",\"logo\":{\"@type\":\"ImageObject\",\"inLanguage\":\"es\",\"@id\":\"https:\\\/\\\/mx.store.amadamadonna.com\\\/es\\\/#\\\/schema\\\/logo\\\/image\\\/\",\"url\":\"https:\\\/\\\/mx.store.amadamadonna.com\\\/es\\\/wp-content\\\/uploads\\\/sites\\\/3\\\/2023\\\/04\\\/amada-madonna-logotipo.png\",\"contentUrl\":\"https:\\\/\\\/mx.store.amadamadonna.com\\\/es\\\/wp-content\\\/uploads\\\/sites\\\/3\\\/2023\\\/04\\\/amada-madonna-logotipo.png\",\"width\":512,\"height\":512,\"caption\":\"Empresa Amada Madonna\"},\"image\":{\"@id\":\"https:\\\/\\\/mx.store.amadamadonna.com\\\/es\\\/#\\\/schema\\\/logo\\\/image\\\/\"},\"sameAs\":[\"https:\\\/\\\/www.facebook.com\\\/amadamadonna\",\"https:\\\/\\\/x.com\\\/amadamadonna\"]}]}<\/script>\n<!-- \/ Yoast SEO plugin. -->","yoast_head_json":{"title":"Atenci\u00f3n al Cliente - Amada Madonna Store MX - ES","robots":{"index":"index","follow":"follow","max-snippet":"max-snippet:-1","max-image-preview":"max-image-preview:large","max-video-preview":"max-video-preview:-1"},"canonical":"https:\/\/mx.store.amadamadonna.com\/es\/atencion-al-cliente\/","og_locale":"es_ES","og_type":"article","og_title":"Atenci\u00f3n al Cliente - Amada Madonna Store MX - ES","og_description":"Para ayudarte de la manera m\u00e1s eficiente, puedes escoger el tipo de ayuda que necesitas por categor\u00edas. Todo est\u00e1 bien organizado.","og_url":"https:\/\/mx.store.amadamadonna.com\/es\/atencion-al-cliente\/","og_site_name":"Amada Madonna Store MX - ES","article_publisher":"https:\/\/www.facebook.com\/amadamadonna","article_modified_time":"2023-04-25T19:16:27+00:00","twitter_card":"summary_large_image","twitter_site":"@amadamadonna","twitter_misc":{"Tiempo de lectura":"1 minuto"},"schema":{"@context":"https:\/\/schema.org","@graph":[{"@type":"WebPage","@id":"https:\/\/mx.store.amadamadonna.com\/es\/atencion-al-cliente\/","url":"https:\/\/mx.store.amadamadonna.com\/es\/atencion-al-cliente\/","name":"Atenci\u00f3n al Cliente - Amada Madonna Store MX - ES","isPartOf":{"@id":"https:\/\/mx.store.amadamadonna.com\/es\/#website"},"datePublished":"2023-01-18T23:07:20+00:00","dateModified":"2023-04-25T19:16:27+00:00","breadcrumb":{"@id":"https:\/\/mx.store.amadamadonna.com\/es\/atencion-al-cliente\/#breadcrumb"},"inLanguage":"es","potentialAction":[{"@type":"ReadAction","target":["https:\/\/mx.store.amadamadonna.com\/es\/atencion-al-cliente\/"]}]},{"@type":"BreadcrumbList","@id":"https:\/\/mx.store.amadamadonna.com\/es\/atencion-al-cliente\/#breadcrumb","itemListElement":[{"@type":"ListItem","position":1,"name":"Home","item":"https:\/\/mx.store.amadamadonna.com\/es\/"},{"@type":"ListItem","position":2,"name":"Atenci\u00f3n al Cliente"}]},{"@type":"WebSite","@id":"https:\/\/mx.store.amadamadonna.com\/es\/#website","url":"https:\/\/mx.store.amadamadonna.com\/es\/","name":"Amada Madonna Store MX - ES","description":"Tienda de la Liga de Bodas, Celebraciones y Viajes.","publisher":{"@id":"https:\/\/mx.store.amadamadonna.com\/es\/#organization"},"potentialAction":[{"@type":"SearchAction","target":{"@type":"EntryPoint","urlTemplate":"https:\/\/mx.store.amadamadonna.com\/es\/?s={search_term_string}"},"query-input":{"@type":"PropertyValueSpecification","valueRequired":true,"valueName":"search_term_string"}}],"inLanguage":"es"},{"@type":"Organization","@id":"https:\/\/mx.store.amadamadonna.com\/es\/#organization","name":"Empresa Amada Madonna","url":"https:\/\/mx.store.amadamadonna.com\/es\/","logo":{"@type":"ImageObject","inLanguage":"es","@id":"https:\/\/mx.store.amadamadonna.com\/es\/#\/schema\/logo\/image\/","url":"https:\/\/mx.store.amadamadonna.com\/es\/wp-content\/uploads\/sites\/3\/2023\/04\/amada-madonna-logotipo.png","contentUrl":"https:\/\/mx.store.amadamadonna.com\/es\/wp-content\/uploads\/sites\/3\/2023\/04\/amada-madonna-logotipo.png","width":512,"height":512,"caption":"Empresa Amada Madonna"},"image":{"@id":"https:\/\/mx.store.amadamadonna.com\/es\/#\/schema\/logo\/image\/"},"sameAs":["https:\/\/www.facebook.com\/amadamadonna","https:\/\/x.com\/amadamadonna"]}]}},"_links":{"self":[{"href":"https:\/\/mx.store.amadamadonna.com\/es\/wp-json\/wp\/v2\/pages\/219","targetHints":{"allow":["GET"]}}],"collection":[{"href":"https:\/\/mx.store.amadamadonna.com\/es\/wp-json\/wp\/v2\/pages"}],"about":[{"href":"https:\/\/mx.store.amadamadonna.com\/es\/wp-json\/wp\/v2\/types\/page"}],"author":[{"embeddable":true,"href":"https:\/\/mx.store.amadamadonna.com\/es\/wp-json\/wp\/v2\/users\/1"}],"replies":[{"embeddable":true,"href":"https:\/\/mx.store.amadamadonna.com\/es\/wp-json\/wp\/v2\/comments?post=219"}],"version-history":[{"count":17,"href":"https:\/\/mx.store.amadamadonna.com\/es\/wp-json\/wp\/v2\/pages\/219\/revisions"}],"predecessor-version":[{"id":424,"href":"https:\/\/mx.store.amadamadonna.com\/es\/wp-json\/wp\/v2\/pages\/219\/revisions\/424"}],"wp:attachment":[{"href":"https:\/\/mx.store.amadamadonna.com\/es\/wp-json\/wp\/v2\/media?parent=219"}],"wp:term":[{"taxonomy":"folder","embeddable":true,"href":"https:\/\/mx.store.amadamadonna.com\/es\/wp-json\/wp\/v2\/folder?post=219"}],"curies":[{"name":"wp","href":"https:\/\/api.w.org\/{rel}","templated":true}]}}