{"id":285,"date":"2023-01-19T04:46:29","date_gmt":"2023-01-19T04:46:29","guid":{"rendered":"https:\/\/mx.store.amadamadonna.com\/es\/?page_id=285"},"modified":"2023-01-19T05:29:01","modified_gmt":"2023-01-19T05:29:01","slug":"rescision-de-cuentas-mexicanas","status":"publish","type":"page","link":"https:\/\/mx.store.amadamadonna.com\/es\/atencion-al-cliente\/rescision-de-cuentas-mexicanas\/","title":{"rendered":"Rescisi\u00f3n de cuentas mexicanas"},"content":{"rendered":"<div id=\"pl-285\"  class=\"panel-layout\" ><div id=\"pg-285-0\"  class=\"panel-grid panel-no-style\" ><div id=\"pgc-285-0-0\"  class=\"panel-grid-cell\" ><div id=\"panel-285-0-0-0\" class=\"so-panel widget widget_sow-headline panel-first-child\" data-index=\"0\" ><div\n\t\t\t\n\t\t\tclass=\"so-widget-sow-headline so-widget-sow-headline-default-d6db24c2db75-285\"\n\t\t\t\n\t\t><div class=\"sow-headline-container \">\n\t\t\t\t\t\t\t<h2 class=\"sow-headline\">\n\t\t\t\t\t\tServicio de rescisi\u00f3n de cuentas mexicanas.\t\t\t\t\t\t<\/h2>\n\t\t\t\t\t\t\t\t\t\t\t<div class=\"decoration\">\n\t\t\t\t\t\t<div class=\"decoration-inside\"><\/div>\n\t\t\t\t\t<\/div>\n\t\t\t\t\t<\/div>\n<\/div><\/div><div id=\"panel-285-0-0-1\" class=\"so-panel widget widget_sow-icon\" data-index=\"1\" ><div\n\t\t\t\n\t\t\tclass=\"so-widget-sow-icon so-widget-sow-icon-default-60517eef2c61-285\"\n\t\t\t\n\t\t>\n<div class=\"sow-icon-container sow-icon\">\n\t\t\t<span class=\"sow-icon-fontawesome sow-fas\" data-sow-icon=\"&#xf55a;\"\n\t\t \n\t\taria-hidden=\"true\"><\/span>\t<\/div>\n<\/div><\/div><div id=\"panel-285-0-0-2\" class=\"so-panel widget widget_sow-editor panel-last-child\" data-index=\"2\" ><div\n\t\t\t\n\t\t\tclass=\"so-widget-sow-editor so-widget-sow-editor-base\"\n\t\t\t\n\t\t>\n<div class=\"siteorigin-widget-tinymce textwidget\">\n\t<p style=\"text-align: center;\">Como medida de seguridad, s\u00f3lo los cuentahabientes pueden solicitar este servicio de rescisi\u00f3n de cuentas mexicanas. Este servicio es s\u00f3lo para plataformas y sistemas mexicanos.<\/p>\n<\/div>\n<\/div><\/div><\/div><\/div><div id=\"pg-285-1\"  class=\"panel-grid panel-no-style\" ><div id=\"pgc-285-1-0\"  class=\"panel-grid-cell\" ><div id=\"panel-285-1-0-0\" class=\"so-panel widget widget_sow-contact-form panel-first-child\" data-index=\"3\" ><div\n\t\t\t\n\t\t\tclass=\"so-widget-sow-contact-form so-widget-sow-contact-form-default-1dceae4ce411-285\"\n\t\t\t\n\t\t><h3 class=\"widget-title\">Formulario para la rescisi\u00f3n de una cuenta mexicana.<\/h3>\t<form\n\t\taction=\"\/es\/wp-json\/wp\/v2\/pages\/285\"\n\t\tmethod=\"POST\"\n\t\tclass=\"sow-contact-form\"\n\t\tid=\"contact-form-39d9\"\n\t>\n\n\t\t\n\t\t            <p><em>Los campos marcados con * son obligatorios.<\/em><\/p>\n\t\t\t\t\t\t<div class=\"sow-form-field sow-form-field-name\">\n\t\t\t\t<label class=\"sow-form-field-label-above\" for=\"sow-contact-form-field-cual-es-tu-nombre-completo-1\">\n\t\t\t\t<strong>\n\t\t\t\t\t\u00bfCu\u00e1l es tu nombre completo?\t\t\t\t\t\t\t\t\t\t\t<span class=\"sow-form-field-required\">*<\/span>\n\t\t\t\t\t\t\t\t\t<\/strong>\n\t\t\t<\/label>\n\t\t\t\t\t\t\t<div class=\"sow-field-container\">\n\t\t\t\t\t\t\t<input\n\t\t\ttype=\"text\"\n\t\t\tname=\"cual-es-tu-nombre-completo-1\"\n\t\t\tid=\"sow-contact-form-field-cual-es-tu-nombre-completo-1\"\n\t\t\tvalue=\"\"\n\t\t\tclass=\"sow-text-field\"\n\t\t\t\t\t\t\t\t\/>\n\t\t\t\t\t\t<\/div>\n\t\t\t\t\t\t\t<\/div>\n\t\t\t\t\t\t<div class=\"sow-form-field sow-form-field-email\">\n\t\t\t\t<label class=\"sow-form-field-label-above\" for=\"sow-contact-form-field-cual-es-tu-correo-electronico-1\">\n\t\t\t\t<strong>\n\t\t\t\t\t\u00bfCu\u00e1l es tu correo electr\u00f3nico?\t\t\t\t\t\t\t\t\t\t\t<span class=\"sow-form-field-required\">*<\/span>\n\t\t\t\t\t\t\t\t\t<\/strong>\n\t\t\t<\/label>\n\t\t\t\t\t\t\t<div class=\"sow-field-container\">\n\t\t\t\t\t\t\t<input\n\t\t\ttype=\"email\"\n\t\t\tname=\"cual-es-tu-correo-electronico-1\"\n\t\t\tid=\"sow-contact-form-field-cual-es-tu-correo-electronico-1\"\n\t\t\tvalue=\"\"\n\t\t\tclass=\"sow-text-field\"\t\t\taria-describedby=\"sow-contact-form-field-cual-es-tu-correo-electronico-1-description\" \t\t\t\t\t\/>\n\t\t\t\t\t\t\t\t<div\n\t\t\t\t\t\t\tclass=\"sow-form-field-description\"\n\t\t\t\t\t\t\tid=\"sow-contact-form-field-cual-es-tu-correo-electronico-1-description\"\n\t\t\t\t\t\t>\n\t\t\t\t\t\t\tEl correo electr\u00f3nico debe de ser el mismo que el que est\u00e9 registrado en el sistema correspondiente.\t\t\t\t\t\t<\/div>\n\t\t\t\t\t\t\t\t\t\t<\/div>\n\t\t\t\t\t\t\t<\/div>\n\t\t\t\t\t\t<div class=\"sow-form-field sow-form-field-select\">\n\t\t\t\t<label class=\"sow-form-field-label-above\" for=\"sow-contact-form-field-en-donde-esta-registrada-tu-cuenta-1\">\n\t\t\t\t<strong>\n\t\t\t\t\t\u00bfEn d\u00f3nde est\u00e1 registrada tu cuenta?\t\t\t\t\t\t\t\t\t\t\t<span class=\"sow-form-field-required\">*<\/span>\n\t\t\t\t\t\t\t\t\t<\/strong>\n\t\t\t<\/label>\n\t\t\t\t\t\t\t<div class=\"sow-field-container\">\n\t\t\t\t\t\t\t<select\n\t\t\tname=\"en-donde-esta-registrada-tu-cuenta-1\"\n\t\t\tid=\"sow-contact-form-field-en-donde-esta-registrada-tu-cuenta-1\"\n\t\t\t\t\t\t\t\t>\n\t\t\t\t\t\t\t\t<option selected ><\/option>\n\t\t\t\t\t\t\t\t\t\t<option\n\t\t\t\t\t\tvalue=\"mx.store.amadamadonna.com\/es\/\">\n\t\t\t\t\t\tmx.store.amadamadonna.com\/es\/\t\t\t\t\t<\/option>\n\t\t\t\t\t\t\t\t\t<option\n\t\t\t\t\t\tvalue=\"fotografosdebodas.mx\">\n\t\t\t\t\t\tfotografosdebodas.mx\t\t\t\t\t<\/option>\n\t\t\t\t\t\t\t\t\t<option\n\t\t\t\t\t\tvalue=\"salonesparabodas.mx\">\n\t\t\t\t\t\tsalonesparabodas.mx\t\t\t\t\t<\/option>\n\t\t\t\t\t\t<\/select>\n\t\t\t\t\t\t<\/div>\n\t\t\t\t\t\t\t<\/div>\n\t\t\t\t\t\t<div class=\"sow-form-field sow-form-field-textarea\">\n\t\t\t\t<label class=\"sow-form-field-label-above\" for=\"sow-contact-form-field-cual-es-la-razon-por-la-que-quieres-eliminar-tu-cuenta-1\">\n\t\t\t\t<strong>\n\t\t\t\t\t\u00bfCu\u00e1l es la raz\u00f3n por la que quieres eliminar tu cuenta?\t\t\t\t\t\t\t\t\t\t\t<span class=\"sow-form-field-required\">*<\/span>\n\t\t\t\t\t\t\t\t\t<\/strong>\n\t\t\t<\/label>\n\t\t\t\t\t\t\t<div class=\"sow-field-container\">\n\t\t\t\t\t\t\t<textarea\n\t\t\tname=\"cual-es-la-razon-por-la-que-quieres-eliminar-tu-cuenta-1\"\n\t\t\tid=\"sow-contact-form-field-cual-es-la-razon-por-la-que-quieres-eliminar-tu-cuenta-1\"\n\t\t\trows=\"10\"\n\t\t\t\t\t\t\t\t><\/textarea>\n\t\t\t\t\t\t<\/div>\n\t\t\t\t\t\t\t<\/div>\n\t\t\t\t\t\t<div class=\"sow-form-field sow-form-field-radio\">\n\t\t\t\t<label class=\"sow-form-field-label-above\" for=\"sow-contact-form-field-entiendes-las-consecuencias-de-la-eliminacion-de-tu-cuenta-1\">\n\t\t\t\t<strong>\n\t\t\t\t\t\u00bfEntiendes las consecuencias de la eliminaci\u00f3n de tu cuenta?\t\t\t\t\t\t\t\t\t\t\t<span class=\"sow-form-field-required\">*<\/span>\n\t\t\t\t\t\t\t\t\t<\/strong>\n\t\t\t<\/label>\n\t\t\t\t\t\t\t<div class=\"sow-field-container\">\n\t\t\t\t\t\t\t\t<ul>\n\t\t\t\t\t\t\t\t\t<li>\n\t\t\t\t\t\t<label>\n\t\t\t\t\t\t\t<input\n\t\t\t\t\t\t\t\ttype=\"radio\"\n\t\t\t\t\t\t\t\tvalue=\"No\"\n\t\t\t\t\t\t\t\tname=\"entiendes-las-consecuencias-de-la-eliminacion-de-tu-cuenta-1\"\n\t\t\t\t\t\t\t\tid=\"sow-contact-form-field-entiendes-las-consecuencias-de-la-eliminacion-de-tu-cuenta-1-0\"\n\t\t\t\t\t\t\t\t\t\t\t\t\t\t\t\taria-describedby=\"sow-contact-form-field-entiendes-las-consecuencias-de-la-eliminacion-de-tu-cuenta-1-description\" \t\t\t\t\t\t\t\/>\n\t\t\t\t\t\t\tNo\t\t\t\t\t\t<\/label>\n\t\t\t\t\t<\/li>\n\t\t\t\t\t\t\t\t\t<li>\n\t\t\t\t\t\t<label>\n\t\t\t\t\t\t\t<input\n\t\t\t\t\t\t\t\ttype=\"radio\"\n\t\t\t\t\t\t\t\tvalue=\"S\u00ed\"\n\t\t\t\t\t\t\t\tname=\"entiendes-las-consecuencias-de-la-eliminacion-de-tu-cuenta-1\"\n\t\t\t\t\t\t\t\tid=\"sow-contact-form-field-entiendes-las-consecuencias-de-la-eliminacion-de-tu-cuenta-1-1\"\n\t\t\t\t\t\t\t\t\t\t\t\t\t\t\t\taria-describedby=\"sow-contact-form-field-entiendes-las-consecuencias-de-la-eliminacion-de-tu-cuenta-1-description\" \t\t\t\t\t\t\t\/>\n\t\t\t\t\t\t\tS\u00ed\t\t\t\t\t\t<\/label>\n\t\t\t\t\t<\/li>\n\t\t\t\t\t\t\t<\/ul>\n\t\t\t\t\t\t\t\t<div\n\t\t\t\t\t\t\tclass=\"sow-form-field-description\"\n\t\t\t\t\t\t\tid=\"sow-contact-form-field-entiendes-las-consecuencias-de-la-eliminacion-de-tu-cuenta-1-description\"\n\t\t\t\t\t\t>\n\t\t\t\t\t\t\tConsulta la secci\u00f3n correspondiente, abajo en est\u00e1 p\u00e1gina para m\u00e1s informaci\u00f3n.\t\t\t\t\t\t<\/div>\n\t\t\t\t\t\t\t\t\t\t<\/div>\n\t\t\t\t\t\t\t<\/div>\n\t\t\t\t\t\t<input\n\t\t\t\ttype=\"text\"\n\t\t\t\tname=\"sow-name\"\n\t\t\t\tclass=\"sow-text-field\"\n\t\t\t\tstyle=\"display: none !important; visibility: hidden !important;\"\n\t\t\t\tautocomplete=\"off\"\n\t\t\t\taria-hidden=\"true\"\n\t\t\t>\n\t\t\n\t\t\t\t\t<div class=\"sow-recaptcha\"\n\t\t\t\t\t\t\t\t\tdata-config=\"{&quot;sitekey&quot;:&quot;6Lc0R_wbAAAAAL1jduqb14zm-fLtlemLsDEQXWfF&quot;,&quot;theme&quot;:&quot;light&quot;,&quot;type&quot;:&quot;image&quot;,&quot;size&quot;:&quot;normal&quot;}\"\n\t\t\t\t\t\t\t><\/div>\n\t\t\t\n\t\t<div class=\"sow-submit-wrapper \n\t\tsow-submit-styled\t\t\">\n\n\t\t\t<button\n\t\t\t\ttype=\"submit\"\n\t\t\t\tclass=\"sow-submit\n\t\t\t\t\t\t\t\t\"\n\t\t\t\t\t\t\t>\n\t\t\t\tSolicitar la rescisi\u00f3n\t\t\t<\/button>\n\t\t<\/div>\n\t\t\t\t<input\n\t\t\ttype=\"hidden\"\n\t\t\tname=\"instance_hash-1\"\n\t\t\tvalue=\"39d93a80\"\n\t\t\/>\n\n\t\t<input type=\"hidden\" id=\"_wpnonce\" name=\"_wpnonce\" value=\"f0f5242376\" \/><input type=\"hidden\" name=\"_wp_http_referer\" value=\"\/es\/wp-json\/wp\/v2\/pages\/285\" \/>\t<\/form>\n\t<\/div><\/div><div id=\"panel-285-1-0-1\" class=\"so-panel widget widget_sow-accordion panel-last-child\" data-index=\"4\" ><div\n\t\t\t\n\t\t\tclass=\"so-widget-sow-accordion so-widget-sow-accordion-default-2b55ed2807e6-285\"\n\t\t\t\n\t\t><div>\n\t<div class=\"sow-accordion\">\n\t\t\t<div class=\"sow-accordion-panel\n\t\t sow-accordion-panel-open\t\t\t\"\n\t\t\t\tdata-anchor-id=\"medidas-de-seguridad\">\n\t\t\t\t\t<div class=\"sow-accordion-panel-header-container\" role=\"heading\" aria-level=\"2\">\n\t\t\t\t\t<div class=\"sow-accordion-panel-header\" tabindex=\"0\" role=\"button\" id=\"accordion-label-medidas-de-seguridad\" aria-controls=\"accordion-content-medidas-de-seguridad\" aria-expanded=\"true\">\n\t\t\t\t\t\t<div class=\"sow-accordion-title sow-accordion-title-icon-left\">\n\t\t\t\t\t\t\t\t\t\t\t\t\t\tMedidas de seguridad\t\t\t\t\t\t\t\t\t\t\t\t\t<\/div>\n\t\t\t\t\t\t<div class=\"sow-accordion-open-close-button\">\n\t\t\t\t\t\t\t<div class=\"sow-accordion-open-button\">\n\t\t\t\t\t\t\t\t<span class=\"sow-icon-ionicons\" data-sow-icon=\"&#xf218;\"\n\t\t \n\t\taria-hidden=\"true\"><\/span>\t\t\t\t\t\t\t<\/div>\n\t\t\t\t\t\t\t<div class=\"sow-accordion-close-button\">\n\t\t\t\t\t\t\t\t<span class=\"sow-icon-ionicons\" data-sow-icon=\"&#xf209;\"\n\t\t \n\t\taria-hidden=\"true\"><\/span>\t\t\t\t\t\t\t<\/div>\n\t\t\t\t\t\t<\/div>\n\t\t\t\t\t<\/div>\n\t\t\t\t<\/div>\n\n\t\t\t<div\n\t\t\t\tclass=\"sow-accordion-panel-content\"\n\t\t\t\trole=\"region\"\n\t\t\t\taria-labelledby=\"accordion-label-medidas-de-seguridad\"\n\t\t\t\tid=\"accordion-content-medidas-de-seguridad\"\n\t\t\t\t\t\t\t>\n\t\t\t\t<div class=\"sow-accordion-panel-border\">\n\t\t\t\t\t<p>Es importante que sepas que el correo electr\u00f3nico que ingreses en el formulario debe de ser el mismo que est\u00e9 registrado en el sistema correspondiente, para as\u00ed proceder con tu solicitud. En caso contrario, la solicitud no proceder\u00e1.<\/p>\n<p>Si ambos correos electr\u00f3nicos coinciden, entonces enviaremos un correo electr\u00f3nico de confirmaci\u00f3n para la rescisi\u00f3n definitiva de tu cuenta.<\/p>\n\t\t\t\t<\/div>\n\t\t\t<\/div>\n\t\t<\/div>\n\t\t\t<div class=\"sow-accordion-panel\n\t\t\t\t\t\"\n\t\t\t\tdata-anchor-id=\"consecuencias-de-la-eliminacion\">\n\t\t\t\t\t<div class=\"sow-accordion-panel-header-container\" role=\"heading\" aria-level=\"2\">\n\t\t\t\t\t<div class=\"sow-accordion-panel-header\" tabindex=\"0\" role=\"button\" id=\"accordion-label-consecuencias-de-la-eliminaci%c3%b3n\" aria-controls=\"accordion-content-consecuencias-de-la-eliminaci%c3%b3n\" aria-expanded=\"false\">\n\t\t\t\t\t\t<div class=\"sow-accordion-title sow-accordion-title-icon-left\">\n\t\t\t\t\t\t\t\t\t\t\t\t\t\tConsecuencias de la eliminaci\u00f3n\t\t\t\t\t\t\t\t\t\t\t\t\t<\/div>\n\t\t\t\t\t\t<div class=\"sow-accordion-open-close-button\">\n\t\t\t\t\t\t\t<div class=\"sow-accordion-open-button\">\n\t\t\t\t\t\t\t\t<span class=\"sow-icon-ionicons\" data-sow-icon=\"&#xf218;\"\n\t\t \n\t\taria-hidden=\"true\"><\/span>\t\t\t\t\t\t\t<\/div>\n\t\t\t\t\t\t\t<div class=\"sow-accordion-close-button\">\n\t\t\t\t\t\t\t\t<span class=\"sow-icon-ionicons\" data-sow-icon=\"&#xf209;\"\n\t\t \n\t\taria-hidden=\"true\"><\/span>\t\t\t\t\t\t\t<\/div>\n\t\t\t\t\t\t<\/div>\n\t\t\t\t\t<\/div>\n\t\t\t\t<\/div>\n\n\t\t\t<div\n\t\t\t\tclass=\"sow-accordion-panel-content\"\n\t\t\t\trole=\"region\"\n\t\t\t\taria-labelledby=\"accordion-label-consecuencias-de-la-eliminaci%c3%b3n\"\n\t\t\t\tid=\"accordion-content-consecuencias-de-la-eliminaci%c3%b3n\"\n\t\t\t\tstyle=\"display: none;\"\t\t\t>\n\t\t\t\t<div class=\"sow-accordion-panel-border\">\n\t\t\t\t\t<p>Recuerda que este es un proceso irreversible, donde todos tus datos, fotos e informaci\u00f3n relacionada ser\u00e1n eliminados.<\/p>\n<p>Si est\u00e1s suscrito al bolet\u00edn informativo debes de saber que este proceso no afectar\u00e1 la suscripci\u00f3n, puesto que el alta o baja al bolet\u00edn informativo deben de hacerse en sus secciones correspondientes.<\/p>\n<p>Este proceso de rescisi\u00f3n de la cuenta, afectar\u00e1 \u00fanicamente a tu cuenta en el sistema que selecciones.<\/p>\n<p>En caso de que decidas eliminar tu cuenta en \"Amada Madonna Store MX - ES\", tu saldo en \"Amada Madonna Wallet MX - ES\" tambi\u00e9n ser\u00e1 eliminado, as\u00ed como tambi\u00e9n toda la informaci\u00f3n relacionada a esa cuenta, como las facturas fiscales.<\/p>\n<p>No se aplicar\u00e1n reembolsos en los paquetes o servicios contratados con la Empresa Amada Madonna, tanto directamente en sus plataformas como en los directorios tem\u00e1ticos. Porque el proceso de rescisi\u00f3n de la cuenta que se hace de manera voluntaria, por parte del usuario o cliente, no es acreedor a los reembolsos, seg\u00fan se especifica en los T\u00e9rminos y Condiciones para tal efecto, en cada plataforma, sistema o sitio web.<\/p>\n\t\t\t\t<\/div>\n\t\t\t<\/div>\n\t\t<\/div>\n\t\t<\/div>\n<\/div>\n<\/div><\/div><\/div><\/div><\/div>","protected":false},"excerpt":{"rendered":"<p>Como medida de seguridad, s\u00f3lo los cuentahabientes pueden solicitar este servicio de rescisi\u00f3n de cuentas mexicanas. Este servicio es s\u00f3lo para plataformas y sistemas mexicanos.<\/p>\n","protected":false},"author":1,"featured_media":0,"parent":219,"menu_order":3,"comment_status":"closed","ping_status":"closed","template":"","meta":{"_acf_changed":false,"footnotes":""},"folder":[37],"class_list":["post-285","page","type-page","status-publish","hentry"],"acf":[],"yoast_head":"<!-- This site is optimized with the Yoast SEO plugin v27.4 - https:\/\/yoast.com\/product\/yoast-seo-wordpress\/ -->\n<title>Rescisi\u00f3n de cuentas mexicanas - Amada Madonna Store MX - ES<\/title>\n<meta name=\"description\" content=\"S\u00f3lo los cuentahabientes pueden solicitar este servicio de rescisi\u00f3n de cuentas mexicanas, como medida de seguridad.\" \/>\n<meta name=\"robots\" content=\"index, follow, max-snippet:-1, max-image-preview:large, max-video-preview:-1\" \/>\n<link rel=\"canonical\" href=\"https:\/\/mx.store.amadamadonna.com\/es\/atencion-al-cliente\/rescision-de-cuentas-mexicanas\/\" \/>\n<meta property=\"og:locale\" content=\"es_ES\" \/>\n<meta property=\"og:type\" content=\"article\" \/>\n<meta property=\"og:title\" content=\"Rescisi\u00f3n de cuentas mexicanas - Amada Madonna Store MX - ES\" \/>\n<meta property=\"og:description\" content=\"S\u00f3lo los cuentahabientes pueden solicitar este servicio de rescisi\u00f3n de cuentas mexicanas, como medida de seguridad.\" \/>\n<meta property=\"og:url\" content=\"https:\/\/mx.store.amadamadonna.com\/es\/atencion-al-cliente\/rescision-de-cuentas-mexicanas\/\" \/>\n<meta property=\"og:site_name\" content=\"Amada Madonna Store MX - ES\" \/>\n<meta property=\"article:publisher\" content=\"https:\/\/www.facebook.com\/amadamadonna\" \/>\n<meta property=\"article:modified_time\" content=\"2023-01-19T05:29:01+00:00\" \/>\n<meta name=\"twitter:card\" content=\"summary_large_image\" \/>\n<meta name=\"twitter:site\" content=\"@amadamadonna\" \/>\n<meta name=\"twitter:label1\" content=\"Tiempo de lectura\" \/>\n\t<meta name=\"twitter:data1\" content=\"1 minuto\" \/>\n<script type=\"application\/ld+json\" class=\"yoast-schema-graph\">{\"@context\":\"https:\\\/\\\/schema.org\",\"@graph\":[{\"@type\":\"WebPage\",\"@id\":\"https:\\\/\\\/mx.store.amadamadonna.com\\\/es\\\/atencion-al-cliente\\\/rescision-de-cuentas-mexicanas\\\/\",\"url\":\"https:\\\/\\\/mx.store.amadamadonna.com\\\/es\\\/atencion-al-cliente\\\/rescision-de-cuentas-mexicanas\\\/\",\"name\":\"Rescisi\u00f3n de cuentas mexicanas - Amada Madonna Store MX - ES\",\"isPartOf\":{\"@id\":\"https:\\\/\\\/mx.store.amadamadonna.com\\\/es\\\/#website\"},\"datePublished\":\"2023-01-19T04:46:29+00:00\",\"dateModified\":\"2023-01-19T05:29:01+00:00\",\"description\":\"S\u00f3lo los cuentahabientes pueden solicitar este servicio de rescisi\u00f3n de cuentas mexicanas, como medida de seguridad.\",\"breadcrumb\":{\"@id\":\"https:\\\/\\\/mx.store.amadamadonna.com\\\/es\\\/atencion-al-cliente\\\/rescision-de-cuentas-mexicanas\\\/#breadcrumb\"},\"inLanguage\":\"es\",\"potentialAction\":[{\"@type\":\"ReadAction\",\"target\":[\"https:\\\/\\\/mx.store.amadamadonna.com\\\/es\\\/atencion-al-cliente\\\/rescision-de-cuentas-mexicanas\\\/\"]}]},{\"@type\":\"BreadcrumbList\",\"@id\":\"https:\\\/\\\/mx.store.amadamadonna.com\\\/es\\\/atencion-al-cliente\\\/rescision-de-cuentas-mexicanas\\\/#breadcrumb\",\"itemListElement\":[{\"@type\":\"ListItem\",\"position\":1,\"name\":\"Home\",\"item\":\"https:\\\/\\\/mx.store.amadamadonna.com\\\/es\\\/\"},{\"@type\":\"ListItem\",\"position\":2,\"name\":\"Atenci\u00f3n al Cliente\",\"item\":\"https:\\\/\\\/mx.store.amadamadonna.com\\\/es\\\/atencion-al-cliente\\\/\"},{\"@type\":\"ListItem\",\"position\":3,\"name\":\"Rescisi\u00f3n de cuentas mexicanas\"}]},{\"@type\":\"WebSite\",\"@id\":\"https:\\\/\\\/mx.store.amadamadonna.com\\\/es\\\/#website\",\"url\":\"https:\\\/\\\/mx.store.amadamadonna.com\\\/es\\\/\",\"name\":\"Amada Madonna Store MX - ES\",\"description\":\"Tienda de la Liga de Bodas, Celebraciones y Viajes.\",\"publisher\":{\"@id\":\"https:\\\/\\\/mx.store.amadamadonna.com\\\/es\\\/#organization\"},\"potentialAction\":[{\"@type\":\"SearchAction\",\"target\":{\"@type\":\"EntryPoint\",\"urlTemplate\":\"https:\\\/\\\/mx.store.amadamadonna.com\\\/es\\\/?s={search_term_string}\"},\"query-input\":{\"@type\":\"PropertyValueSpecification\",\"valueRequired\":true,\"valueName\":\"search_term_string\"}}],\"inLanguage\":\"es\"},{\"@type\":\"Organization\",\"@id\":\"https:\\\/\\\/mx.store.amadamadonna.com\\\/es\\\/#organization\",\"name\":\"Empresa Amada Madonna\",\"url\":\"https:\\\/\\\/mx.store.amadamadonna.com\\\/es\\\/\",\"logo\":{\"@type\":\"ImageObject\",\"inLanguage\":\"es\",\"@id\":\"https:\\\/\\\/mx.store.amadamadonna.com\\\/es\\\/#\\\/schema\\\/logo\\\/image\\\/\",\"url\":\"https:\\\/\\\/mx.store.amadamadonna.com\\\/es\\\/wp-content\\\/uploads\\\/sites\\\/3\\\/2023\\\/04\\\/amada-madonna-logotipo.png\",\"contentUrl\":\"https:\\\/\\\/mx.store.amadamadonna.com\\\/es\\\/wp-content\\\/uploads\\\/sites\\\/3\\\/2023\\\/04\\\/amada-madonna-logotipo.png\",\"width\":512,\"height\":512,\"caption\":\"Empresa Amada Madonna\"},\"image\":{\"@id\":\"https:\\\/\\\/mx.store.amadamadonna.com\\\/es\\\/#\\\/schema\\\/logo\\\/image\\\/\"},\"sameAs\":[\"https:\\\/\\\/www.facebook.com\\\/amadamadonna\",\"https:\\\/\\\/x.com\\\/amadamadonna\"]}]}<\/script>\n<!-- \/ Yoast SEO plugin. -->","yoast_head_json":{"title":"Rescisi\u00f3n de cuentas mexicanas - Amada Madonna Store MX - ES","description":"S\u00f3lo los cuentahabientes pueden solicitar este servicio de rescisi\u00f3n de cuentas mexicanas, como medida de seguridad.","robots":{"index":"index","follow":"follow","max-snippet":"max-snippet:-1","max-image-preview":"max-image-preview:large","max-video-preview":"max-video-preview:-1"},"canonical":"https:\/\/mx.store.amadamadonna.com\/es\/atencion-al-cliente\/rescision-de-cuentas-mexicanas\/","og_locale":"es_ES","og_type":"article","og_title":"Rescisi\u00f3n de cuentas mexicanas - Amada Madonna Store MX - ES","og_description":"S\u00f3lo los cuentahabientes pueden solicitar este servicio de rescisi\u00f3n de cuentas mexicanas, como medida de seguridad.","og_url":"https:\/\/mx.store.amadamadonna.com\/es\/atencion-al-cliente\/rescision-de-cuentas-mexicanas\/","og_site_name":"Amada Madonna Store MX - ES","article_publisher":"https:\/\/www.facebook.com\/amadamadonna","article_modified_time":"2023-01-19T05:29:01+00:00","twitter_card":"summary_large_image","twitter_site":"@amadamadonna","twitter_misc":{"Tiempo de lectura":"1 minuto"},"schema":{"@context":"https:\/\/schema.org","@graph":[{"@type":"WebPage","@id":"https:\/\/mx.store.amadamadonna.com\/es\/atencion-al-cliente\/rescision-de-cuentas-mexicanas\/","url":"https:\/\/mx.store.amadamadonna.com\/es\/atencion-al-cliente\/rescision-de-cuentas-mexicanas\/","name":"Rescisi\u00f3n de cuentas mexicanas - Amada Madonna Store MX - ES","isPartOf":{"@id":"https:\/\/mx.store.amadamadonna.com\/es\/#website"},"datePublished":"2023-01-19T04:46:29+00:00","dateModified":"2023-01-19T05:29:01+00:00","description":"S\u00f3lo los cuentahabientes pueden solicitar este servicio de rescisi\u00f3n de cuentas mexicanas, como medida de seguridad.","breadcrumb":{"@id":"https:\/\/mx.store.amadamadonna.com\/es\/atencion-al-cliente\/rescision-de-cuentas-mexicanas\/#breadcrumb"},"inLanguage":"es","potentialAction":[{"@type":"ReadAction","target":["https:\/\/mx.store.amadamadonna.com\/es\/atencion-al-cliente\/rescision-de-cuentas-mexicanas\/"]}]},{"@type":"BreadcrumbList","@id":"https:\/\/mx.store.amadamadonna.com\/es\/atencion-al-cliente\/rescision-de-cuentas-mexicanas\/#breadcrumb","itemListElement":[{"@type":"ListItem","position":1,"name":"Home","item":"https:\/\/mx.store.amadamadonna.com\/es\/"},{"@type":"ListItem","position":2,"name":"Atenci\u00f3n al Cliente","item":"https:\/\/mx.store.amadamadonna.com\/es\/atencion-al-cliente\/"},{"@type":"ListItem","position":3,"name":"Rescisi\u00f3n de cuentas mexicanas"}]},{"@type":"WebSite","@id":"https:\/\/mx.store.amadamadonna.com\/es\/#website","url":"https:\/\/mx.store.amadamadonna.com\/es\/","name":"Amada Madonna Store MX - ES","description":"Tienda de la Liga de Bodas, Celebraciones y Viajes.","publisher":{"@id":"https:\/\/mx.store.amadamadonna.com\/es\/#organization"},"potentialAction":[{"@type":"SearchAction","target":{"@type":"EntryPoint","urlTemplate":"https:\/\/mx.store.amadamadonna.com\/es\/?s={search_term_string}"},"query-input":{"@type":"PropertyValueSpecification","valueRequired":true,"valueName":"search_term_string"}}],"inLanguage":"es"},{"@type":"Organization","@id":"https:\/\/mx.store.amadamadonna.com\/es\/#organization","name":"Empresa Amada Madonna","url":"https:\/\/mx.store.amadamadonna.com\/es\/","logo":{"@type":"ImageObject","inLanguage":"es","@id":"https:\/\/mx.store.amadamadonna.com\/es\/#\/schema\/logo\/image\/","url":"https:\/\/mx.store.amadamadonna.com\/es\/wp-content\/uploads\/sites\/3\/2023\/04\/amada-madonna-logotipo.png","contentUrl":"https:\/\/mx.store.amadamadonna.com\/es\/wp-content\/uploads\/sites\/3\/2023\/04\/amada-madonna-logotipo.png","width":512,"height":512,"caption":"Empresa Amada Madonna"},"image":{"@id":"https:\/\/mx.store.amadamadonna.com\/es\/#\/schema\/logo\/image\/"},"sameAs":["https:\/\/www.facebook.com\/amadamadonna","https:\/\/x.com\/amadamadonna"]}]}},"_links":{"self":[{"href":"https:\/\/mx.store.amadamadonna.com\/es\/wp-json\/wp\/v2\/pages\/285","targetHints":{"allow":["GET"]}}],"collection":[{"href":"https:\/\/mx.store.amadamadonna.com\/es\/wp-json\/wp\/v2\/pages"}],"about":[{"href":"https:\/\/mx.store.amadamadonna.com\/es\/wp-json\/wp\/v2\/types\/page"}],"author":[{"embeddable":true,"href":"https:\/\/mx.store.amadamadonna.com\/es\/wp-json\/wp\/v2\/users\/1"}],"replies":[{"embeddable":true,"href":"https:\/\/mx.store.amadamadonna.com\/es\/wp-json\/wp\/v2\/comments?post=285"}],"version-history":[{"count":16,"href":"https:\/\/mx.store.amadamadonna.com\/es\/wp-json\/wp\/v2\/pages\/285\/revisions"}],"predecessor-version":[{"id":301,"href":"https:\/\/mx.store.amadamadonna.com\/es\/wp-json\/wp\/v2\/pages\/285\/revisions\/301"}],"up":[{"embeddable":true,"href":"https:\/\/mx.store.amadamadonna.com\/es\/wp-json\/wp\/v2\/pages\/219"}],"wp:attachment":[{"href":"https:\/\/mx.store.amadamadonna.com\/es\/wp-json\/wp\/v2\/media?parent=285"}],"wp:term":[{"taxonomy":"folder","embeddable":true,"href":"https:\/\/mx.store.amadamadonna.com\/es\/wp-json\/wp\/v2\/folder?post=285"}],"curies":[{"name":"wp","href":"https:\/\/api.w.org\/{rel}","templated":true}]}}