{"id":65,"date":"2023-01-10T04:27:14","date_gmt":"2023-01-10T04:27:14","guid":{"rendered":"https:\/\/mx.store.amadamadonna.com\/es\/?post_type=product&#038;p=65"},"modified":"2023-01-20T21:15:24","modified_gmt":"2023-01-20T21:15:24","slug":"anuncio-en-la-portada","status":"publish","type":"product","link":"https:\/\/mx.store.amadamadonna.com\/es\/tienda\/publicidad-en-mexico\/anuncio-en-la-portada\/","title":{"rendered":"Anuncio en la portada"},"content":{"rendered":"<h3>Puntos fuertes.<\/h3>\n<ul>\n<li>La portada de la p\u00e1gina principal del directorio tem\u00e1tico correspondiente, es lo primero que ven todos los visitantes y usuarios; por lo que es una gran oportunidad para incrementar las ventas y mejorar la competitividad.<\/li>\n<li>El anuncio se enlazar\u00e1 al escaparate del proveedor de bodas correspondiente, que haya sido creado dentro del directorio tem\u00e1tico.<\/li>\n<li><span class=\"su-highlight\" style=\"background:#ddff99;color:#000000\">&nbsp;La vigencia de este tipo de anuncio es por 91 d\u00edas&nbsp;<\/span>.<\/li>\n<\/ul>\n<h4>Excelente publicidad que te dar\u00e1 prestigio y autoridad.<\/h4>\n<p>Los directorios tem\u00e1ticos de la Empresa Amada Madonna son los lugares donde se re\u00fanen los proveedores de bodas en M\u00e9xico. Con un anuncio en la portada en el directorio tem\u00e1tico correspondiente, te ver\u00e1n los visitantes, los usuarios, los clientes potenciales y tambi\u00e9n otros proveedores de bodas.<\/p>\n<span class=\"su-highlight\" style=\"background:#ddff99;color:#000000\">&nbsp;De esta manera, obtendr\u00e1s prestigio frente a otros proveedores de bodas y te posicionar\u00e1s de manera excelente&nbsp;<\/span> en el mercado de las bodas, celebraciones y viajes en M\u00e9xico.<\/p>\n<p>Un \u00fanico anuncio en la portada s\u00f3lo puede estar enlazado a un \u00fanico anuncio de un s\u00f3lo proveedor de bodas, dentro del directorio tem\u00e1tico.<\/p>\n","protected":false},"excerpt":{"rendered":"<h2>Informaci\u00f3n preliminar.<\/h2>\n<ul>\n<li>Este tipo de anuncios s\u00f3lo se mostrar\u00e1n <span class=\"su-highlight\" style=\"background:#ddff99;color:#000000\">&nbsp;s\u00f3lo para la versi\u00f3n en Espa\u00f1ol&nbsp;<\/span>, en el directorio tem\u00e1tico correspondiente.<\/li>\n<\/ul>\n<h3>Acerca del precio y las opciones de compra.<\/h3>\n<ul>\n<li><span class=\"su-label su-label-type-important\">Divisa<\/span> Los precios est\u00e1n expresados en <strong>Pesos Mexicanos MXN<\/strong>.<\/li>\n<li>Para conocer los medios de pago de la ficha de este producto, consulta la pesta\u00f1a de: <strong>\u00bfC\u00f3mo comprar?<\/strong><\/li>\n<\/ul>\n","protected":false},"featured_media":56,"comment_status":"open","ping_status":"closed","template":"","meta":{"_acf_changed":false},"product_brand":[],"product_cat":[21],"product_tag":[24],"class_list":{"0":"post-65","1":"product","2":"type-product","3":"status-publish","4":"has-post-thumbnail","6":"product_cat-publicidad-en-mexico","7":"product_tag-proveedores-de-bodas","9":"first","10":"instock","11":"sold-individually","12":"shipping-taxable","13":"purchasable","14":"product-type-variable"},"acf":[],"yoast_head":"<!-- This site is optimized with the Yoast SEO plugin v27.3 - https:\/\/yoast.com\/product\/yoast-seo-wordpress\/ -->\n<title>Anuncio en la portada - Amada Madonna Store MX - ES<\/title>\n<meta name=\"description\" content=\"La portada del directorio tem\u00e1tico correspondiente, es lo primero que ven todos los usuarios, es una gran oportunidad para incrementar las ventas.\" \/>\n<meta name=\"robots\" content=\"index, follow, max-snippet:-1, max-image-preview:large, max-video-preview:-1\" \/>\n<link rel=\"canonical\" href=\"https:\/\/mx.store.amadamadonna.com\/es\/tienda\/publicidad-en-mexico\/anuncio-en-la-portada\/\" \/>\n<meta property=\"og:locale\" content=\"es_ES\" \/>\n<meta property=\"og:type\" content=\"article\" \/>\n<meta property=\"og:title\" content=\"Anuncio en la portada - Amada Madonna Store MX - ES\" \/>\n<meta property=\"og:description\" content=\"La portada del directorio tem\u00e1tico correspondiente, es lo primero que ven todos los usuarios, es una gran oportunidad para incrementar las ventas.\" \/>\n<meta property=\"og:url\" content=\"https:\/\/mx.store.amadamadonna.com\/es\/tienda\/publicidad-en-mexico\/anuncio-en-la-portada\/\" \/>\n<meta property=\"og:site_name\" content=\"Amada Madonna Store MX - ES\" \/>\n<meta property=\"article:publisher\" content=\"https:\/\/www.facebook.com\/amadamadonna\" \/>\n<meta property=\"article:modified_time\" content=\"2023-01-20T21:15:24+00:00\" \/>\n<meta property=\"og:image\" content=\"https:\/\/mx.store.amadamadonna.com\/es\/wp-content\/uploads\/sites\/3\/2023\/01\/anuncio-en-la-portada-en-amada-madonna-store-mx-es.png\" \/>\n\t<meta property=\"og:image:width\" content=\"512\" \/>\n\t<meta property=\"og:image:height\" content=\"512\" \/>\n\t<meta property=\"og:image:type\" content=\"image\/png\" \/>\n<meta name=\"twitter:card\" content=\"summary_large_image\" \/>\n<meta name=\"twitter:site\" content=\"@amadamadonna\" \/>\n<meta name=\"twitter:label1\" content=\"Tiempo de lectura\" \/>\n\t<meta name=\"twitter:data1\" content=\"1 minuto\" \/>\n<script type=\"application\/ld+json\" class=\"yoast-schema-graph\">{\"@context\":\"https:\\\/\\\/schema.org\",\"@graph\":[{\"@type\":\"WebPage\",\"@id\":\"https:\\\/\\\/mx.store.amadamadonna.com\\\/es\\\/tienda\\\/publicidad-en-mexico\\\/anuncio-en-la-portada\\\/\",\"url\":\"https:\\\/\\\/mx.store.amadamadonna.com\\\/es\\\/tienda\\\/publicidad-en-mexico\\\/anuncio-en-la-portada\\\/\",\"name\":\"Anuncio en la portada - Amada Madonna Store MX - ES\",\"isPartOf\":{\"@id\":\"https:\\\/\\\/mx.store.amadamadonna.com\\\/es\\\/#website\"},\"primaryImageOfPage\":{\"@id\":\"https:\\\/\\\/mx.store.amadamadonna.com\\\/es\\\/tienda\\\/publicidad-en-mexico\\\/anuncio-en-la-portada\\\/#primaryimage\"},\"image\":{\"@id\":\"https:\\\/\\\/mx.store.amadamadonna.com\\\/es\\\/tienda\\\/publicidad-en-mexico\\\/anuncio-en-la-portada\\\/#primaryimage\"},\"thumbnailUrl\":\"https:\\\/\\\/mx.store.amadamadonna.com\\\/es\\\/wp-content\\\/uploads\\\/sites\\\/3\\\/2023\\\/01\\\/anuncio-en-la-portada-en-amada-madonna-store-mx-es.png\",\"datePublished\":\"2023-01-10T04:27:14+00:00\",\"dateModified\":\"2023-01-20T21:15:24+00:00\",\"description\":\"La portada del directorio tem\u00e1tico correspondiente, es lo primero que ven todos los usuarios, es una gran oportunidad para incrementar las ventas.\",\"breadcrumb\":{\"@id\":\"https:\\\/\\\/mx.store.amadamadonna.com\\\/es\\\/tienda\\\/publicidad-en-mexico\\\/anuncio-en-la-portada\\\/#breadcrumb\"},\"inLanguage\":\"es\",\"potentialAction\":[{\"@type\":\"ReadAction\",\"target\":[\"https:\\\/\\\/mx.store.amadamadonna.com\\\/es\\\/tienda\\\/publicidad-en-mexico\\\/anuncio-en-la-portada\\\/\"]}]},{\"@type\":\"ImageObject\",\"inLanguage\":\"es\",\"@id\":\"https:\\\/\\\/mx.store.amadamadonna.com\\\/es\\\/tienda\\\/publicidad-en-mexico\\\/anuncio-en-la-portada\\\/#primaryimage\",\"url\":\"https:\\\/\\\/mx.store.amadamadonna.com\\\/es\\\/wp-content\\\/uploads\\\/sites\\\/3\\\/2023\\\/01\\\/anuncio-en-la-portada-en-amada-madonna-store-mx-es.png\",\"contentUrl\":\"https:\\\/\\\/mx.store.amadamadonna.com\\\/es\\\/wp-content\\\/uploads\\\/sites\\\/3\\\/2023\\\/01\\\/anuncio-en-la-portada-en-amada-madonna-store-mx-es.png\",\"width\":512,\"height\":512,\"caption\":\"Anuncio en la portada en Amada Madonna Store MX - ES.\"},{\"@type\":\"BreadcrumbList\",\"@id\":\"https:\\\/\\\/mx.store.amadamadonna.com\\\/es\\\/tienda\\\/publicidad-en-mexico\\\/anuncio-en-la-portada\\\/#breadcrumb\",\"itemListElement\":[{\"@type\":\"ListItem\",\"position\":1,\"name\":\"Home\",\"item\":\"https:\\\/\\\/mx.store.amadamadonna.com\\\/es\\\/\"},{\"@type\":\"ListItem\",\"position\":2,\"name\":\"Tienda\",\"item\":\"https:\\\/\\\/mx.store.amadamadonna.com\\\/es\\\/tienda\\\/\"},{\"@type\":\"ListItem\",\"position\":3,\"name\":\"Anuncio en la portada\"}]},{\"@type\":\"WebSite\",\"@id\":\"https:\\\/\\\/mx.store.amadamadonna.com\\\/es\\\/#website\",\"url\":\"https:\\\/\\\/mx.store.amadamadonna.com\\\/es\\\/\",\"name\":\"Amada Madonna Store MX - ES\",\"description\":\"Tienda de la Liga de Bodas, Celebraciones y Viajes.\",\"publisher\":{\"@id\":\"https:\\\/\\\/mx.store.amadamadonna.com\\\/es\\\/#organization\"},\"potentialAction\":[{\"@type\":\"SearchAction\",\"target\":{\"@type\":\"EntryPoint\",\"urlTemplate\":\"https:\\\/\\\/mx.store.amadamadonna.com\\\/es\\\/?s={search_term_string}\"},\"query-input\":{\"@type\":\"PropertyValueSpecification\",\"valueRequired\":true,\"valueName\":\"search_term_string\"}}],\"inLanguage\":\"es\"},{\"@type\":\"Organization\",\"@id\":\"https:\\\/\\\/mx.store.amadamadonna.com\\\/es\\\/#organization\",\"name\":\"Empresa Amada Madonna\",\"url\":\"https:\\\/\\\/mx.store.amadamadonna.com\\\/es\\\/\",\"logo\":{\"@type\":\"ImageObject\",\"inLanguage\":\"es\",\"@id\":\"https:\\\/\\\/mx.store.amadamadonna.com\\\/es\\\/#\\\/schema\\\/logo\\\/image\\\/\",\"url\":\"https:\\\/\\\/mx.store.amadamadonna.com\\\/es\\\/wp-content\\\/uploads\\\/sites\\\/3\\\/2023\\\/04\\\/amada-madonna-logotipo.png\",\"contentUrl\":\"https:\\\/\\\/mx.store.amadamadonna.com\\\/es\\\/wp-content\\\/uploads\\\/sites\\\/3\\\/2023\\\/04\\\/amada-madonna-logotipo.png\",\"width\":512,\"height\":512,\"caption\":\"Empresa Amada Madonna\"},\"image\":{\"@id\":\"https:\\\/\\\/mx.store.amadamadonna.com\\\/es\\\/#\\\/schema\\\/logo\\\/image\\\/\"},\"sameAs\":[\"https:\\\/\\\/www.facebook.com\\\/amadamadonna\",\"https:\\\/\\\/x.com\\\/amadamadonna\"]}]}<\/script>\n<!-- \/ Yoast SEO plugin. -->","yoast_head_json":{"title":"Anuncio en la portada - Amada Madonna Store MX - ES","description":"La portada del directorio tem\u00e1tico correspondiente, es lo primero que ven todos los usuarios, es una gran oportunidad para incrementar las ventas.","robots":{"index":"index","follow":"follow","max-snippet":"max-snippet:-1","max-image-preview":"max-image-preview:large","max-video-preview":"max-video-preview:-1"},"canonical":"https:\/\/mx.store.amadamadonna.com\/es\/tienda\/publicidad-en-mexico\/anuncio-en-la-portada\/","og_locale":"es_ES","og_type":"article","og_title":"Anuncio en la portada - Amada Madonna Store MX - ES","og_description":"La portada del directorio tem\u00e1tico correspondiente, es lo primero que ven todos los usuarios, es una gran oportunidad para incrementar las ventas.","og_url":"https:\/\/mx.store.amadamadonna.com\/es\/tienda\/publicidad-en-mexico\/anuncio-en-la-portada\/","og_site_name":"Amada Madonna Store MX - ES","article_publisher":"https:\/\/www.facebook.com\/amadamadonna","article_modified_time":"2023-01-20T21:15:24+00:00","og_image":[{"width":512,"height":512,"url":"https:\/\/mx.store.amadamadonna.com\/es\/wp-content\/uploads\/sites\/3\/2023\/01\/anuncio-en-la-portada-en-amada-madonna-store-mx-es.png","type":"image\/png"}],"twitter_card":"summary_large_image","twitter_site":"@amadamadonna","twitter_misc":{"Tiempo de lectura":"1 minuto"},"schema":{"@context":"https:\/\/schema.org","@graph":[{"@type":"WebPage","@id":"https:\/\/mx.store.amadamadonna.com\/es\/tienda\/publicidad-en-mexico\/anuncio-en-la-portada\/","url":"https:\/\/mx.store.amadamadonna.com\/es\/tienda\/publicidad-en-mexico\/anuncio-en-la-portada\/","name":"Anuncio en la portada - Amada Madonna Store MX - ES","isPartOf":{"@id":"https:\/\/mx.store.amadamadonna.com\/es\/#website"},"primaryImageOfPage":{"@id":"https:\/\/mx.store.amadamadonna.com\/es\/tienda\/publicidad-en-mexico\/anuncio-en-la-portada\/#primaryimage"},"image":{"@id":"https:\/\/mx.store.amadamadonna.com\/es\/tienda\/publicidad-en-mexico\/anuncio-en-la-portada\/#primaryimage"},"thumbnailUrl":"https:\/\/mx.store.amadamadonna.com\/es\/wp-content\/uploads\/sites\/3\/2023\/01\/anuncio-en-la-portada-en-amada-madonna-store-mx-es.png","datePublished":"2023-01-10T04:27:14+00:00","dateModified":"2023-01-20T21:15:24+00:00","description":"La portada del directorio tem\u00e1tico correspondiente, es lo primero que ven todos los usuarios, es una gran oportunidad para incrementar las ventas.","breadcrumb":{"@id":"https:\/\/mx.store.amadamadonna.com\/es\/tienda\/publicidad-en-mexico\/anuncio-en-la-portada\/#breadcrumb"},"inLanguage":"es","potentialAction":[{"@type":"ReadAction","target":["https:\/\/mx.store.amadamadonna.com\/es\/tienda\/publicidad-en-mexico\/anuncio-en-la-portada\/"]}]},{"@type":"ImageObject","inLanguage":"es","@id":"https:\/\/mx.store.amadamadonna.com\/es\/tienda\/publicidad-en-mexico\/anuncio-en-la-portada\/#primaryimage","url":"https:\/\/mx.store.amadamadonna.com\/es\/wp-content\/uploads\/sites\/3\/2023\/01\/anuncio-en-la-portada-en-amada-madonna-store-mx-es.png","contentUrl":"https:\/\/mx.store.amadamadonna.com\/es\/wp-content\/uploads\/sites\/3\/2023\/01\/anuncio-en-la-portada-en-amada-madonna-store-mx-es.png","width":512,"height":512,"caption":"Anuncio en la portada en Amada Madonna Store MX - ES."},{"@type":"BreadcrumbList","@id":"https:\/\/mx.store.amadamadonna.com\/es\/tienda\/publicidad-en-mexico\/anuncio-en-la-portada\/#breadcrumb","itemListElement":[{"@type":"ListItem","position":1,"name":"Home","item":"https:\/\/mx.store.amadamadonna.com\/es\/"},{"@type":"ListItem","position":2,"name":"Tienda","item":"https:\/\/mx.store.amadamadonna.com\/es\/tienda\/"},{"@type":"ListItem","position":3,"name":"Anuncio en la portada"}]},{"@type":"WebSite","@id":"https:\/\/mx.store.amadamadonna.com\/es\/#website","url":"https:\/\/mx.store.amadamadonna.com\/es\/","name":"Amada Madonna Store MX - ES","description":"Tienda de la Liga de Bodas, Celebraciones y Viajes.","publisher":{"@id":"https:\/\/mx.store.amadamadonna.com\/es\/#organization"},"potentialAction":[{"@type":"SearchAction","target":{"@type":"EntryPoint","urlTemplate":"https:\/\/mx.store.amadamadonna.com\/es\/?s={search_term_string}"},"query-input":{"@type":"PropertyValueSpecification","valueRequired":true,"valueName":"search_term_string"}}],"inLanguage":"es"},{"@type":"Organization","@id":"https:\/\/mx.store.amadamadonna.com\/es\/#organization","name":"Empresa Amada Madonna","url":"https:\/\/mx.store.amadamadonna.com\/es\/","logo":{"@type":"ImageObject","inLanguage":"es","@id":"https:\/\/mx.store.amadamadonna.com\/es\/#\/schema\/logo\/image\/","url":"https:\/\/mx.store.amadamadonna.com\/es\/wp-content\/uploads\/sites\/3\/2023\/04\/amada-madonna-logotipo.png","contentUrl":"https:\/\/mx.store.amadamadonna.com\/es\/wp-content\/uploads\/sites\/3\/2023\/04\/amada-madonna-logotipo.png","width":512,"height":512,"caption":"Empresa Amada Madonna"},"image":{"@id":"https:\/\/mx.store.amadamadonna.com\/es\/#\/schema\/logo\/image\/"},"sameAs":["https:\/\/www.facebook.com\/amadamadonna","https:\/\/x.com\/amadamadonna"]}]}},"_links":{"self":[{"href":"https:\/\/mx.store.amadamadonna.com\/es\/wp-json\/wp\/v2\/product\/65","targetHints":{"allow":["GET"]}}],"collection":[{"href":"https:\/\/mx.store.amadamadonna.com\/es\/wp-json\/wp\/v2\/product"}],"about":[{"href":"https:\/\/mx.store.amadamadonna.com\/es\/wp-json\/wp\/v2\/types\/product"}],"replies":[{"embeddable":true,"href":"https:\/\/mx.store.amadamadonna.com\/es\/wp-json\/wp\/v2\/comments?post=65"}],"wp:featuredmedia":[{"embeddable":true,"href":"https:\/\/mx.store.amadamadonna.com\/es\/wp-json\/wp\/v2\/media\/56"}],"wp:attachment":[{"href":"https:\/\/mx.store.amadamadonna.com\/es\/wp-json\/wp\/v2\/media?parent=65"}],"wp:term":[{"taxonomy":"product_brand","embeddable":true,"href":"https:\/\/mx.store.amadamadonna.com\/es\/wp-json\/wp\/v2\/product_brand?post=65"},{"taxonomy":"product_cat","embeddable":true,"href":"https:\/\/mx.store.amadamadonna.com\/es\/wp-json\/wp\/v2\/product_cat?post=65"},{"taxonomy":"product_tag","embeddable":true,"href":"https:\/\/mx.store.amadamadonna.com\/es\/wp-json\/wp\/v2\/product_tag?post=65"}],"curies":[{"name":"wp","href":"https:\/\/api.w.org\/{rel}","templated":true}]}}