{"id":69,"date":"2023-01-10T04:39:54","date_gmt":"2023-01-10T04:39:54","guid":{"rendered":"https:\/\/mx.store.amadamadonna.com\/es\/?post_type=product&#038;p=69"},"modified":"2023-01-13T22:26:34","modified_gmt":"2023-01-13T22:26:34","slug":"escaparate-sobresaliente","status":"publish","type":"product","link":"https:\/\/mx.store.amadamadonna.com\/es\/tienda\/publicidad-en-mexico\/escaparate-sobresaliente\/","title":{"rendered":"Escaparate sobresaliente"},"content":{"rendered":"<h3>Puntos fuertes.<\/h3>\n<ul>\n<li>Un <strong>&#8220;escaparate sobresaliente&#8221;<\/strong> es un anuncio con m\u00e1xima prioridad de visibilidad.<\/li>\n<li>El anuncio se colocar\u00e1 aleatoriamente, donde se ubicar\u00e1 en la parte superior de las secciones correspondientes dentro del directorio tem\u00e1tico.<\/li>\n<li><span class=\"su-highlight\" style=\"background:#ddff99;color:#000000\">&nbsp;La vigencia es por 91 d\u00edas&nbsp;<\/span>.<\/li>\n<\/ul>\n<h4>Mejora tu competitividad frente a otros proveedores de bodas.<\/h4>\n<p>Los directorios tem\u00e1ticos de la Empresa Amada Madonna son los lugares donde se re\u00fanen los proveedores de bodas en M\u00e9xico. Con un <strong>&#8220;escaparate sobresaliente&#8221;<\/strong>, puedes mejorar tu competitividad frente a ellos.<\/p>\n","protected":false},"excerpt":{"rendered":"<h2>Informaci\u00f3n preliminar.<\/h2>\n<ul>\n<li>Este <strong>&#8220;escaparate sobresaliente&#8221;<\/strong> es un anuncio que puede aplicarse en cualquiera de los directorios tem\u00e1ticos de M\u00e9xico que pertenecen a la Empresa Amada Madonna, <span class=\"su-highlight\" style=\"background:#ddff99;color:#000000\">&nbsp;para los proveedores de bodas&nbsp;<\/span>.<\/li>\n<\/ul>\n<h3>Acerca del precio y las opciones de compra.<\/h3>\n<ul>\n<li><span class=\"su-label su-label-type-important\">Divisa<\/span> Los precios est\u00e1n expresados en <strong>Pesos Mexicanos MXN<\/strong>.<\/li>\n<li>Para conocer los medios de pago de la ficha de este producto, consulta la pesta\u00f1a de: <strong>\u00bfC\u00f3mo comprar?<\/strong><\/li>\n<\/ul>\n","protected":false},"featured_media":61,"comment_status":"open","ping_status":"closed","template":"","meta":{"_acf_changed":false},"product_brand":[],"product_cat":[21],"product_tag":[24],"class_list":{"0":"post-69","1":"product","2":"type-product","3":"status-publish","4":"has-post-thumbnail","6":"product_cat-publicidad-en-mexico","7":"product_tag-proveedores-de-bodas","9":"first","10":"instock","11":"shipping-taxable","12":"purchasable","13":"product-type-variable"},"acf":[],"yoast_head":"<!-- This site is optimized with the Yoast SEO plugin v27.4 - https:\/\/yoast.com\/product\/yoast-seo-wordpress\/ -->\n<title>Escaparate sobresaliente - Amada Madonna Store MX - ES<\/title>\n<meta name=\"description\" content=\"El escaparate sobresaliente es un anuncio con m\u00e1xima prioridad de visibilidad, para mejorar la competitividad de los proveedores de bodas.\" \/>\n<meta name=\"robots\" content=\"index, follow, max-snippet:-1, max-image-preview:large, max-video-preview:-1\" \/>\n<link rel=\"canonical\" href=\"https:\/\/mx.store.amadamadonna.com\/es\/tienda\/publicidad-en-mexico\/escaparate-sobresaliente\/\" \/>\n<meta property=\"og:locale\" content=\"es_ES\" \/>\n<meta property=\"og:type\" content=\"article\" \/>\n<meta property=\"og:title\" content=\"Escaparate sobresaliente - Amada Madonna Store MX - ES\" \/>\n<meta property=\"og:description\" content=\"El escaparate sobresaliente es un anuncio con m\u00e1xima prioridad de visibilidad, para mejorar la competitividad de los proveedores de bodas.\" \/>\n<meta property=\"og:url\" content=\"https:\/\/mx.store.amadamadonna.com\/es\/tienda\/publicidad-en-mexico\/escaparate-sobresaliente\/\" \/>\n<meta property=\"og:site_name\" content=\"Amada Madonna Store MX - ES\" \/>\n<meta property=\"article:publisher\" content=\"https:\/\/www.facebook.com\/amadamadonna\" \/>\n<meta property=\"article:modified_time\" content=\"2023-01-13T22:26:34+00:00\" \/>\n<meta property=\"og:image\" content=\"https:\/\/mx.store.amadamadonna.com\/es\/wp-content\/uploads\/sites\/3\/2023\/01\/escaparate-sobresaliente-en-amada-madonna-store-mx-es.png\" \/>\n\t<meta property=\"og:image:width\" content=\"512\" \/>\n\t<meta property=\"og:image:height\" content=\"512\" \/>\n\t<meta property=\"og:image:type\" content=\"image\/png\" \/>\n<meta name=\"twitter:card\" content=\"summary_large_image\" \/>\n<meta name=\"twitter:site\" content=\"@amadamadonna\" \/>\n<meta name=\"twitter:label1\" content=\"Tiempo de lectura\" \/>\n\t<meta name=\"twitter:data1\" content=\"1 minuto\" \/>\n<script type=\"application\/ld+json\" class=\"yoast-schema-graph\">{\"@context\":\"https:\\\/\\\/schema.org\",\"@graph\":[{\"@type\":\"WebPage\",\"@id\":\"https:\\\/\\\/mx.store.amadamadonna.com\\\/es\\\/tienda\\\/publicidad-en-mexico\\\/escaparate-sobresaliente\\\/\",\"url\":\"https:\\\/\\\/mx.store.amadamadonna.com\\\/es\\\/tienda\\\/publicidad-en-mexico\\\/escaparate-sobresaliente\\\/\",\"name\":\"Escaparate sobresaliente - Amada Madonna Store MX - ES\",\"isPartOf\":{\"@id\":\"https:\\\/\\\/mx.store.amadamadonna.com\\\/es\\\/#website\"},\"primaryImageOfPage\":{\"@id\":\"https:\\\/\\\/mx.store.amadamadonna.com\\\/es\\\/tienda\\\/publicidad-en-mexico\\\/escaparate-sobresaliente\\\/#primaryimage\"},\"image\":{\"@id\":\"https:\\\/\\\/mx.store.amadamadonna.com\\\/es\\\/tienda\\\/publicidad-en-mexico\\\/escaparate-sobresaliente\\\/#primaryimage\"},\"thumbnailUrl\":\"https:\\\/\\\/mx.store.amadamadonna.com\\\/es\\\/wp-content\\\/uploads\\\/sites\\\/3\\\/2023\\\/01\\\/escaparate-sobresaliente-en-amada-madonna-store-mx-es.png\",\"datePublished\":\"2023-01-10T04:39:54+00:00\",\"dateModified\":\"2023-01-13T22:26:34+00:00\",\"description\":\"El escaparate sobresaliente es un anuncio con m\u00e1xima prioridad de visibilidad, para mejorar la competitividad de los proveedores de bodas.\",\"breadcrumb\":{\"@id\":\"https:\\\/\\\/mx.store.amadamadonna.com\\\/es\\\/tienda\\\/publicidad-en-mexico\\\/escaparate-sobresaliente\\\/#breadcrumb\"},\"inLanguage\":\"es\",\"potentialAction\":[{\"@type\":\"ReadAction\",\"target\":[\"https:\\\/\\\/mx.store.amadamadonna.com\\\/es\\\/tienda\\\/publicidad-en-mexico\\\/escaparate-sobresaliente\\\/\"]}]},{\"@type\":\"ImageObject\",\"inLanguage\":\"es\",\"@id\":\"https:\\\/\\\/mx.store.amadamadonna.com\\\/es\\\/tienda\\\/publicidad-en-mexico\\\/escaparate-sobresaliente\\\/#primaryimage\",\"url\":\"https:\\\/\\\/mx.store.amadamadonna.com\\\/es\\\/wp-content\\\/uploads\\\/sites\\\/3\\\/2023\\\/01\\\/escaparate-sobresaliente-en-amada-madonna-store-mx-es.png\",\"contentUrl\":\"https:\\\/\\\/mx.store.amadamadonna.com\\\/es\\\/wp-content\\\/uploads\\\/sites\\\/3\\\/2023\\\/01\\\/escaparate-sobresaliente-en-amada-madonna-store-mx-es.png\",\"width\":512,\"height\":512,\"caption\":\"Escaparate sobresaliente en Amada Madonna Store MX - ES.\"},{\"@type\":\"BreadcrumbList\",\"@id\":\"https:\\\/\\\/mx.store.amadamadonna.com\\\/es\\\/tienda\\\/publicidad-en-mexico\\\/escaparate-sobresaliente\\\/#breadcrumb\",\"itemListElement\":[{\"@type\":\"ListItem\",\"position\":1,\"name\":\"Home\",\"item\":\"https:\\\/\\\/mx.store.amadamadonna.com\\\/es\\\/\"},{\"@type\":\"ListItem\",\"position\":2,\"name\":\"Tienda\",\"item\":\"https:\\\/\\\/mx.store.amadamadonna.com\\\/es\\\/tienda\\\/\"},{\"@type\":\"ListItem\",\"position\":3,\"name\":\"Escaparate sobresaliente\"}]},{\"@type\":\"WebSite\",\"@id\":\"https:\\\/\\\/mx.store.amadamadonna.com\\\/es\\\/#website\",\"url\":\"https:\\\/\\\/mx.store.amadamadonna.com\\\/es\\\/\",\"name\":\"Amada Madonna Store MX - ES\",\"description\":\"Tienda de la Liga de Bodas, Celebraciones y Viajes.\",\"publisher\":{\"@id\":\"https:\\\/\\\/mx.store.amadamadonna.com\\\/es\\\/#organization\"},\"potentialAction\":[{\"@type\":\"SearchAction\",\"target\":{\"@type\":\"EntryPoint\",\"urlTemplate\":\"https:\\\/\\\/mx.store.amadamadonna.com\\\/es\\\/?s={search_term_string}\"},\"query-input\":{\"@type\":\"PropertyValueSpecification\",\"valueRequired\":true,\"valueName\":\"search_term_string\"}}],\"inLanguage\":\"es\"},{\"@type\":\"Organization\",\"@id\":\"https:\\\/\\\/mx.store.amadamadonna.com\\\/es\\\/#organization\",\"name\":\"Empresa Amada Madonna\",\"url\":\"https:\\\/\\\/mx.store.amadamadonna.com\\\/es\\\/\",\"logo\":{\"@type\":\"ImageObject\",\"inLanguage\":\"es\",\"@id\":\"https:\\\/\\\/mx.store.amadamadonna.com\\\/es\\\/#\\\/schema\\\/logo\\\/image\\\/\",\"url\":\"https:\\\/\\\/mx.store.amadamadonna.com\\\/es\\\/wp-content\\\/uploads\\\/sites\\\/3\\\/2023\\\/04\\\/amada-madonna-logotipo.png\",\"contentUrl\":\"https:\\\/\\\/mx.store.amadamadonna.com\\\/es\\\/wp-content\\\/uploads\\\/sites\\\/3\\\/2023\\\/04\\\/amada-madonna-logotipo.png\",\"width\":512,\"height\":512,\"caption\":\"Empresa Amada Madonna\"},\"image\":{\"@id\":\"https:\\\/\\\/mx.store.amadamadonna.com\\\/es\\\/#\\\/schema\\\/logo\\\/image\\\/\"},\"sameAs\":[\"https:\\\/\\\/www.facebook.com\\\/amadamadonna\",\"https:\\\/\\\/x.com\\\/amadamadonna\"]}]}<\/script>\n<!-- \/ Yoast SEO plugin. -->","yoast_head_json":{"title":"Escaparate sobresaliente - Amada Madonna Store MX - ES","description":"El escaparate sobresaliente es un anuncio con m\u00e1xima prioridad de visibilidad, para mejorar la competitividad de los proveedores de bodas.","robots":{"index":"index","follow":"follow","max-snippet":"max-snippet:-1","max-image-preview":"max-image-preview:large","max-video-preview":"max-video-preview:-1"},"canonical":"https:\/\/mx.store.amadamadonna.com\/es\/tienda\/publicidad-en-mexico\/escaparate-sobresaliente\/","og_locale":"es_ES","og_type":"article","og_title":"Escaparate sobresaliente - Amada Madonna Store MX - ES","og_description":"El escaparate sobresaliente es un anuncio con m\u00e1xima prioridad de visibilidad, para mejorar la competitividad de los proveedores de bodas.","og_url":"https:\/\/mx.store.amadamadonna.com\/es\/tienda\/publicidad-en-mexico\/escaparate-sobresaliente\/","og_site_name":"Amada Madonna Store MX - ES","article_publisher":"https:\/\/www.facebook.com\/amadamadonna","article_modified_time":"2023-01-13T22:26:34+00:00","og_image":[{"width":512,"height":512,"url":"https:\/\/mx.store.amadamadonna.com\/es\/wp-content\/uploads\/sites\/3\/2023\/01\/escaparate-sobresaliente-en-amada-madonna-store-mx-es.png","type":"image\/png"}],"twitter_card":"summary_large_image","twitter_site":"@amadamadonna","twitter_misc":{"Tiempo de lectura":"1 minuto"},"schema":{"@context":"https:\/\/schema.org","@graph":[{"@type":"WebPage","@id":"https:\/\/mx.store.amadamadonna.com\/es\/tienda\/publicidad-en-mexico\/escaparate-sobresaliente\/","url":"https:\/\/mx.store.amadamadonna.com\/es\/tienda\/publicidad-en-mexico\/escaparate-sobresaliente\/","name":"Escaparate sobresaliente - Amada Madonna Store MX - ES","isPartOf":{"@id":"https:\/\/mx.store.amadamadonna.com\/es\/#website"},"primaryImageOfPage":{"@id":"https:\/\/mx.store.amadamadonna.com\/es\/tienda\/publicidad-en-mexico\/escaparate-sobresaliente\/#primaryimage"},"image":{"@id":"https:\/\/mx.store.amadamadonna.com\/es\/tienda\/publicidad-en-mexico\/escaparate-sobresaliente\/#primaryimage"},"thumbnailUrl":"https:\/\/mx.store.amadamadonna.com\/es\/wp-content\/uploads\/sites\/3\/2023\/01\/escaparate-sobresaliente-en-amada-madonna-store-mx-es.png","datePublished":"2023-01-10T04:39:54+00:00","dateModified":"2023-01-13T22:26:34+00:00","description":"El escaparate sobresaliente es un anuncio con m\u00e1xima prioridad de visibilidad, para mejorar la competitividad de los proveedores de bodas.","breadcrumb":{"@id":"https:\/\/mx.store.amadamadonna.com\/es\/tienda\/publicidad-en-mexico\/escaparate-sobresaliente\/#breadcrumb"},"inLanguage":"es","potentialAction":[{"@type":"ReadAction","target":["https:\/\/mx.store.amadamadonna.com\/es\/tienda\/publicidad-en-mexico\/escaparate-sobresaliente\/"]}]},{"@type":"ImageObject","inLanguage":"es","@id":"https:\/\/mx.store.amadamadonna.com\/es\/tienda\/publicidad-en-mexico\/escaparate-sobresaliente\/#primaryimage","url":"https:\/\/mx.store.amadamadonna.com\/es\/wp-content\/uploads\/sites\/3\/2023\/01\/escaparate-sobresaliente-en-amada-madonna-store-mx-es.png","contentUrl":"https:\/\/mx.store.amadamadonna.com\/es\/wp-content\/uploads\/sites\/3\/2023\/01\/escaparate-sobresaliente-en-amada-madonna-store-mx-es.png","width":512,"height":512,"caption":"Escaparate sobresaliente en Amada Madonna Store MX - ES."},{"@type":"BreadcrumbList","@id":"https:\/\/mx.store.amadamadonna.com\/es\/tienda\/publicidad-en-mexico\/escaparate-sobresaliente\/#breadcrumb","itemListElement":[{"@type":"ListItem","position":1,"name":"Home","item":"https:\/\/mx.store.amadamadonna.com\/es\/"},{"@type":"ListItem","position":2,"name":"Tienda","item":"https:\/\/mx.store.amadamadonna.com\/es\/tienda\/"},{"@type":"ListItem","position":3,"name":"Escaparate sobresaliente"}]},{"@type":"WebSite","@id":"https:\/\/mx.store.amadamadonna.com\/es\/#website","url":"https:\/\/mx.store.amadamadonna.com\/es\/","name":"Amada Madonna Store MX - ES","description":"Tienda de la Liga de Bodas, Celebraciones y Viajes.","publisher":{"@id":"https:\/\/mx.store.amadamadonna.com\/es\/#organization"},"potentialAction":[{"@type":"SearchAction","target":{"@type":"EntryPoint","urlTemplate":"https:\/\/mx.store.amadamadonna.com\/es\/?s={search_term_string}"},"query-input":{"@type":"PropertyValueSpecification","valueRequired":true,"valueName":"search_term_string"}}],"inLanguage":"es"},{"@type":"Organization","@id":"https:\/\/mx.store.amadamadonna.com\/es\/#organization","name":"Empresa Amada Madonna","url":"https:\/\/mx.store.amadamadonna.com\/es\/","logo":{"@type":"ImageObject","inLanguage":"es","@id":"https:\/\/mx.store.amadamadonna.com\/es\/#\/schema\/logo\/image\/","url":"https:\/\/mx.store.amadamadonna.com\/es\/wp-content\/uploads\/sites\/3\/2023\/04\/amada-madonna-logotipo.png","contentUrl":"https:\/\/mx.store.amadamadonna.com\/es\/wp-content\/uploads\/sites\/3\/2023\/04\/amada-madonna-logotipo.png","width":512,"height":512,"caption":"Empresa Amada Madonna"},"image":{"@id":"https:\/\/mx.store.amadamadonna.com\/es\/#\/schema\/logo\/image\/"},"sameAs":["https:\/\/www.facebook.com\/amadamadonna","https:\/\/x.com\/amadamadonna"]}]}},"_links":{"self":[{"href":"https:\/\/mx.store.amadamadonna.com\/es\/wp-json\/wp\/v2\/product\/69","targetHints":{"allow":["GET"]}}],"collection":[{"href":"https:\/\/mx.store.amadamadonna.com\/es\/wp-json\/wp\/v2\/product"}],"about":[{"href":"https:\/\/mx.store.amadamadonna.com\/es\/wp-json\/wp\/v2\/types\/product"}],"replies":[{"embeddable":true,"href":"https:\/\/mx.store.amadamadonna.com\/es\/wp-json\/wp\/v2\/comments?post=69"}],"wp:featuredmedia":[{"embeddable":true,"href":"https:\/\/mx.store.amadamadonna.com\/es\/wp-json\/wp\/v2\/media\/61"}],"wp:attachment":[{"href":"https:\/\/mx.store.amadamadonna.com\/es\/wp-json\/wp\/v2\/media?parent=69"}],"wp:term":[{"taxonomy":"product_brand","embeddable":true,"href":"https:\/\/mx.store.amadamadonna.com\/es\/wp-json\/wp\/v2\/product_brand?post=69"},{"taxonomy":"product_cat","embeddable":true,"href":"https:\/\/mx.store.amadamadonna.com\/es\/wp-json\/wp\/v2\/product_cat?post=69"},{"taxonomy":"product_tag","embeddable":true,"href":"https:\/\/mx.store.amadamadonna.com\/es\/wp-json\/wp\/v2\/product_tag?post=69"}],"curies":[{"name":"wp","href":"https:\/\/api.w.org\/{rel}","templated":true}]}}