{"id":83,"date":"2023-01-10T05:28:57","date_gmt":"2023-01-10T05:28:57","guid":{"rendered":"https:\/\/mx.store.amadamadonna.com\/es\/?post_type=product&#038;p=83"},"modified":"2023-01-13T21:57:47","modified_gmt":"2023-01-13T21:57:47","slug":"boletin-informativo","status":"publish","type":"product","link":"https:\/\/mx.store.amadamadonna.com\/es\/tienda\/publicidad-en-mexico\/boletin-informativo\/","title":{"rendered":"Bolet\u00edn informativo"},"content":{"rendered":"<h3>Puntos fuertes.<\/h3>\n<ul>\n<li><b>La capacidad de este bolet\u00edn informativo es de <span class=\"su-highlight\" style=\"background:#ddff99;color:#000000\">&nbsp;1400 suscriptores&nbsp;<\/span><\/b>.<\/li>\n<li>Tenemos una lista de suscriptores del mercado de las bodas, celebraciones y viajes en M\u00e9xico; creada y administrada por la Empresa Amada Madonna.<\/li>\n<li>La lista de suscriptores est\u00e1 en constante crecimiento, est\u00e1 segmentada para la eficacia.<\/li>\n<li>Nuestro Equipo Editorial prepara los boletines informativos, para optimizarlos para las ventas.<\/li>\n<li><strong>Hay dos ediciones del bolet\u00edn informativo<\/strong>.\n<ul>\n<li><span class=\"su-highlight\" style=\"background:#ddff99;color:#000000\">&nbsp;La edici\u00f3n mensual&nbsp;<\/span>, permite llegar a un amplio n\u00famero de suscriptores, posicionarse en el mercado y hacer ventas, de manera cl\u00e1sica.<\/li>\n<li><span class=\"su-highlight\" style=\"background:#ddff99;color:#000000\">&nbsp;La edici\u00f3n para publicitar&nbsp;<\/span>, tiene enf\u00e1sis en los lanzamientos de nuevos productos, servicios o campa\u00f1as publicitarias que un proveedor de bodas quiere hacer en un tiempo determinado.<\/li>\n<\/ul>\n<\/li>\n<\/ul>\n<hr \/>\n<h3>Informaci\u00f3n detallada.<\/h3>\n<div class=\"su-tabs su-tabs-style-default su-tabs-mobile-stack\" data-active=\"1\" data-scroll-offset=\"0\" data-anchor-in-url=\"no\"><div class=\"su-tabs-nav\"><span class=\"\" data-url=\"\" data-target=\"blank\" tabindex=\"0\" role=\"button\">Edici\u00f3n mensual<\/span><span class=\"\" data-url=\"\" data-target=\"blank\" tabindex=\"0\" role=\"button\">Edici\u00f3n para publicitar<\/span><\/div><div class=\"su-tabs-panes\"><div class=\"su-tabs-pane su-u-clearfix su-u-trim\" data-title=\"Edici\u00f3n mensual\">\n<h4>Acerca de la edici\u00f3n mensual.<\/h4>\n<ul>\n<li>La principal caracter\u00edstica es que <span class=\"su-highlight\" style=\"background:#ddff99;color:#000000\">&nbsp;el espacio publicitario se compartir\u00e1&nbsp;<\/span> con otros proveedores de bodas, dentro del bolet\u00edn informativo contratado.<\/li>\n<li>La edici\u00f3n de esta versi\u00f3n es mensual, significa que enviaremos tu publicidad a nuestra lista de suscriptores, una vez dentro del mes correspondiente.<\/li>\n<\/ul>\n<h5>El bolet\u00edn informativo har\u00e1 que los clientes te busquen a ti.<\/h5>\n<p>Los usuarios tienen diferentes tipos de h\u00e1bitos de consumo; sin embargo, la gran mayor\u00eda de ellos tienen un punto en com\u00fan: que revisan su correo electr\u00f3nico por diversos motivos, frecuentemente.<\/p>\n<p>El bolet\u00edn informativo se encarga precisamente de hacer una segmentaci\u00f3n del mercado de las bodas, celebraciones y viajes en M\u00e9xico. Como consecuencia se env\u00eda informaci\u00f3n importante a personas que pueden estar interesadas en tus productos o servicios.<\/p>\n<h5>\u00bfCu\u00e1ndo aparecer\u00e1 mi anuncio en la edici\u00f3n mensual del bolet\u00edn informativo?<\/h5>\n<p>Una vez realizada la compra, nos comunicaremos contigo para que puedas elegir los pr\u00f3ximos espacios publicitarios disponibles.<\/p>\n<\/div>\n<div class=\"su-tabs-pane su-u-clearfix su-u-trim\" data-title=\"Edici\u00f3n para publicitar\">\n<h4>Acerca de la edici\u00f3n para publicitar.<\/h4>\n<ul>\n<li>La principal caracter\u00edstica es que <span class=\"su-highlight\" style=\"background:#ddff99;color:#000000\">&nbsp;el espacio publicitario no se compartir\u00e1&nbsp;<\/span> con otros proveedores de bodas, dentro del bolet\u00edn informativo contratado.<\/li>\n<li>El proveedor de bodas puede elegir el mes en el que ser\u00e1 lanzado este bolet\u00edn informativo, se enviar\u00e1 una vez dentro del mes correspondiente.<\/li>\n<\/ul>\n<h5>El bolet\u00edn informativo para publicitar te dar\u00e1 prestigio y m\u00e1s ventas.<\/h5>\n<p>El bolet\u00edn informativo para publicitar le dar\u00e1 el impulso necesario a tu negocio para incrementar las ventas. Por ejemplo, si est\u00e1s interesado en publicitar un nuevo producto, servicio o apertura de una ubicaci\u00f3n comercial.<\/p>\n<p>Puesto que este bolet\u00edn se enviar\u00e1 a nuestra lista de suscriptores, obtendr\u00e1s gran prestigio y reputaci\u00f3n, que har\u00e1 que los clientes, usuarios e incluso otros establecimientos comerciales, te reconozcan como un profesional que es de los mejores de tu \u00e1rea.<\/p>\n<h5>\u00bfCu\u00e1ndo aparecer\u00e1 mi anuncio en la edici\u00f3n para publicitar del bolet\u00edn informativo?<\/h5>\n<p>Puedes elegir el mes de tu preferencia que sea posterior al mes de tu compra. Por ejemplo: si hiciste la compra en Agosto, entonces puedes elegir a partir del mes de Septiembre el mes que quieras.<\/p>\n<\/div><\/div><\/div>\n","protected":false},"excerpt":{"rendered":"<h2>Informaci\u00f3n preliminar.<\/h2>\n<ul>\n<li>Las ediciones de este bolet\u00edn informativo son <span class=\"su-highlight\" style=\"background:#ddff99;color:#000000\">&nbsp;\u00fanicamente para la versi\u00f3n en Espa\u00f1ol, en M\u00e9xico&nbsp;<\/span>.<\/li>\n<\/ul>\n<h3>Acerca del precio y las opciones de compra.<\/h3>\n<ul>\n<li><span class=\"su-label su-label-type-important\">Divisa<\/span> Los precios est\u00e1n expresados en <strong>Pesos Mexicanos MXN<\/strong>.<\/li>\n<li>Para conocer los medios de pago de la ficha de este producto, consulta la pesta\u00f1a de: <strong>\u00bfC\u00f3mo comprar?<\/strong><\/li>\n<\/ul>\n","protected":false},"featured_media":60,"comment_status":"open","ping_status":"closed","template":"","meta":{"_acf_changed":false},"product_brand":[],"product_cat":[21],"product_tag":[24],"class_list":{"0":"post-83","1":"product","2":"type-product","3":"status-publish","4":"has-post-thumbnail","6":"product_cat-publicidad-en-mexico","7":"product_tag-proveedores-de-bodas","9":"first","10":"instock","11":"shipping-taxable","12":"purchasable","13":"product-type-variable"},"acf":[],"yoast_head":"<!-- This site is optimized with the Yoast SEO plugin v27.6 - https:\/\/yoast.com\/product\/yoast-seo-wordpress\/ -->\n<title>Bolet\u00edn informativo - Amada Madonna Store MX - ES<\/title>\n<meta name=\"description\" content=\"Tenemos una lista de suscriptores del mercado de las bodas, celebraciones y viajes en M\u00e9xico, se encarga precisamente de hacer una segmentaci\u00f3n del mercado.\" \/>\n<meta name=\"robots\" content=\"index, follow, max-snippet:-1, max-image-preview:large, max-video-preview:-1\" \/>\n<link rel=\"canonical\" href=\"https:\/\/mx.store.amadamadonna.com\/es\/tienda\/publicidad-en-mexico\/boletin-informativo\/\" \/>\n<meta property=\"og:locale\" content=\"es_ES\" \/>\n<meta property=\"og:type\" content=\"article\" \/>\n<meta property=\"og:title\" content=\"Bolet\u00edn informativo - Amada Madonna Store MX - ES\" \/>\n<meta property=\"og:description\" content=\"Tenemos una lista de suscriptores del mercado de las bodas, celebraciones y viajes en M\u00e9xico, se encarga precisamente de hacer una segmentaci\u00f3n del mercado.\" \/>\n<meta property=\"og:url\" content=\"https:\/\/mx.store.amadamadonna.com\/es\/tienda\/publicidad-en-mexico\/boletin-informativo\/\" \/>\n<meta property=\"og:site_name\" content=\"Amada Madonna Store MX - ES\" \/>\n<meta property=\"article:publisher\" content=\"https:\/\/www.facebook.com\/amadamadonna\" \/>\n<meta property=\"article:modified_time\" content=\"2023-01-13T21:57:47+00:00\" \/>\n<meta property=\"og:image\" content=\"https:\/\/mx.store.amadamadonna.com\/es\/wp-content\/uploads\/sites\/3\/2023\/01\/boletin-informativo-en-amada-madonna-store-mx-es.png\" \/>\n\t<meta property=\"og:image:width\" content=\"512\" \/>\n\t<meta property=\"og:image:height\" content=\"512\" \/>\n\t<meta property=\"og:image:type\" content=\"image\/png\" \/>\n<meta name=\"twitter:card\" content=\"summary_large_image\" \/>\n<meta name=\"twitter:site\" content=\"@amadamadonna\" \/>\n<meta name=\"twitter:label1\" content=\"Tiempo de lectura\" \/>\n\t<meta name=\"twitter:data1\" content=\"3 minutos\" \/>\n<script type=\"application\/ld+json\" class=\"yoast-schema-graph\">{\"@context\":\"https:\\\/\\\/schema.org\",\"@graph\":[{\"@type\":\"WebPage\",\"@id\":\"https:\\\/\\\/mx.store.amadamadonna.com\\\/es\\\/tienda\\\/publicidad-en-mexico\\\/boletin-informativo\\\/\",\"url\":\"https:\\\/\\\/mx.store.amadamadonna.com\\\/es\\\/tienda\\\/publicidad-en-mexico\\\/boletin-informativo\\\/\",\"name\":\"Bolet\u00edn informativo - Amada Madonna Store MX - ES\",\"isPartOf\":{\"@id\":\"https:\\\/\\\/mx.store.amadamadonna.com\\\/es\\\/#website\"},\"primaryImageOfPage\":{\"@id\":\"https:\\\/\\\/mx.store.amadamadonna.com\\\/es\\\/tienda\\\/publicidad-en-mexico\\\/boletin-informativo\\\/#primaryimage\"},\"image\":{\"@id\":\"https:\\\/\\\/mx.store.amadamadonna.com\\\/es\\\/tienda\\\/publicidad-en-mexico\\\/boletin-informativo\\\/#primaryimage\"},\"thumbnailUrl\":\"https:\\\/\\\/mx.store.amadamadonna.com\\\/es\\\/wp-content\\\/uploads\\\/sites\\\/3\\\/2023\\\/01\\\/boletin-informativo-en-amada-madonna-store-mx-es.png\",\"datePublished\":\"2023-01-10T05:28:57+00:00\",\"dateModified\":\"2023-01-13T21:57:47+00:00\",\"description\":\"Tenemos una lista de suscriptores del mercado de las bodas, celebraciones y viajes en M\u00e9xico, se encarga precisamente de hacer una segmentaci\u00f3n del mercado.\",\"breadcrumb\":{\"@id\":\"https:\\\/\\\/mx.store.amadamadonna.com\\\/es\\\/tienda\\\/publicidad-en-mexico\\\/boletin-informativo\\\/#breadcrumb\"},\"inLanguage\":\"es\",\"potentialAction\":[{\"@type\":\"ReadAction\",\"target\":[\"https:\\\/\\\/mx.store.amadamadonna.com\\\/es\\\/tienda\\\/publicidad-en-mexico\\\/boletin-informativo\\\/\"]}]},{\"@type\":\"ImageObject\",\"inLanguage\":\"es\",\"@id\":\"https:\\\/\\\/mx.store.amadamadonna.com\\\/es\\\/tienda\\\/publicidad-en-mexico\\\/boletin-informativo\\\/#primaryimage\",\"url\":\"https:\\\/\\\/mx.store.amadamadonna.com\\\/es\\\/wp-content\\\/uploads\\\/sites\\\/3\\\/2023\\\/01\\\/boletin-informativo-en-amada-madonna-store-mx-es.png\",\"contentUrl\":\"https:\\\/\\\/mx.store.amadamadonna.com\\\/es\\\/wp-content\\\/uploads\\\/sites\\\/3\\\/2023\\\/01\\\/boletin-informativo-en-amada-madonna-store-mx-es.png\",\"width\":512,\"height\":512,\"caption\":\"Bolet\u00edn informativo en Amada Madonna Store MX - ES.\"},{\"@type\":\"BreadcrumbList\",\"@id\":\"https:\\\/\\\/mx.store.amadamadonna.com\\\/es\\\/tienda\\\/publicidad-en-mexico\\\/boletin-informativo\\\/#breadcrumb\",\"itemListElement\":[{\"@type\":\"ListItem\",\"position\":1,\"name\":\"Home\",\"item\":\"https:\\\/\\\/mx.store.amadamadonna.com\\\/es\\\/\"},{\"@type\":\"ListItem\",\"position\":2,\"name\":\"Tienda\",\"item\":\"https:\\\/\\\/mx.store.amadamadonna.com\\\/es\\\/tienda\\\/\"},{\"@type\":\"ListItem\",\"position\":3,\"name\":\"Bolet\u00edn informativo\"}]},{\"@type\":\"WebSite\",\"@id\":\"https:\\\/\\\/mx.store.amadamadonna.com\\\/es\\\/#website\",\"url\":\"https:\\\/\\\/mx.store.amadamadonna.com\\\/es\\\/\",\"name\":\"Amada Madonna Store MX - ES\",\"description\":\"Tienda de la Liga de Bodas, Celebraciones y Viajes.\",\"publisher\":{\"@id\":\"https:\\\/\\\/mx.store.amadamadonna.com\\\/es\\\/#organization\"},\"potentialAction\":[{\"@type\":\"SearchAction\",\"target\":{\"@type\":\"EntryPoint\",\"urlTemplate\":\"https:\\\/\\\/mx.store.amadamadonna.com\\\/es\\\/?s={search_term_string}\"},\"query-input\":{\"@type\":\"PropertyValueSpecification\",\"valueRequired\":true,\"valueName\":\"search_term_string\"}}],\"inLanguage\":\"es\"},{\"@type\":\"Organization\",\"@id\":\"https:\\\/\\\/mx.store.amadamadonna.com\\\/es\\\/#organization\",\"name\":\"Empresa Amada Madonna\",\"url\":\"https:\\\/\\\/mx.store.amadamadonna.com\\\/es\\\/\",\"logo\":{\"@type\":\"ImageObject\",\"inLanguage\":\"es\",\"@id\":\"https:\\\/\\\/mx.store.amadamadonna.com\\\/es\\\/#\\\/schema\\\/logo\\\/image\\\/\",\"url\":\"https:\\\/\\\/mx.store.amadamadonna.com\\\/es\\\/wp-content\\\/uploads\\\/sites\\\/3\\\/2023\\\/04\\\/amada-madonna-logotipo.png\",\"contentUrl\":\"https:\\\/\\\/mx.store.amadamadonna.com\\\/es\\\/wp-content\\\/uploads\\\/sites\\\/3\\\/2023\\\/04\\\/amada-madonna-logotipo.png\",\"width\":512,\"height\":512,\"caption\":\"Empresa Amada Madonna\"},\"image\":{\"@id\":\"https:\\\/\\\/mx.store.amadamadonna.com\\\/es\\\/#\\\/schema\\\/logo\\\/image\\\/\"},\"sameAs\":[\"https:\\\/\\\/www.facebook.com\\\/amadamadonna\",\"https:\\\/\\\/x.com\\\/amadamadonna\"]}]}<\/script>\n<!-- \/ Yoast SEO plugin. -->","yoast_head_json":{"title":"Bolet\u00edn informativo - Amada Madonna Store MX - ES","description":"Tenemos una lista de suscriptores del mercado de las bodas, celebraciones y viajes en M\u00e9xico, se encarga precisamente de hacer una segmentaci\u00f3n del mercado.","robots":{"index":"index","follow":"follow","max-snippet":"max-snippet:-1","max-image-preview":"max-image-preview:large","max-video-preview":"max-video-preview:-1"},"canonical":"https:\/\/mx.store.amadamadonna.com\/es\/tienda\/publicidad-en-mexico\/boletin-informativo\/","og_locale":"es_ES","og_type":"article","og_title":"Bolet\u00edn informativo - Amada Madonna Store MX - ES","og_description":"Tenemos una lista de suscriptores del mercado de las bodas, celebraciones y viajes en M\u00e9xico, se encarga precisamente de hacer una segmentaci\u00f3n del mercado.","og_url":"https:\/\/mx.store.amadamadonna.com\/es\/tienda\/publicidad-en-mexico\/boletin-informativo\/","og_site_name":"Amada Madonna Store MX - ES","article_publisher":"https:\/\/www.facebook.com\/amadamadonna","article_modified_time":"2023-01-13T21:57:47+00:00","og_image":[{"width":512,"height":512,"url":"https:\/\/mx.store.amadamadonna.com\/es\/wp-content\/uploads\/sites\/3\/2023\/01\/boletin-informativo-en-amada-madonna-store-mx-es.png","type":"image\/png"}],"twitter_card":"summary_large_image","twitter_site":"@amadamadonna","twitter_misc":{"Tiempo de lectura":"3 minutos"},"schema":{"@context":"https:\/\/schema.org","@graph":[{"@type":"WebPage","@id":"https:\/\/mx.store.amadamadonna.com\/es\/tienda\/publicidad-en-mexico\/boletin-informativo\/","url":"https:\/\/mx.store.amadamadonna.com\/es\/tienda\/publicidad-en-mexico\/boletin-informativo\/","name":"Bolet\u00edn informativo - Amada Madonna Store MX - ES","isPartOf":{"@id":"https:\/\/mx.store.amadamadonna.com\/es\/#website"},"primaryImageOfPage":{"@id":"https:\/\/mx.store.amadamadonna.com\/es\/tienda\/publicidad-en-mexico\/boletin-informativo\/#primaryimage"},"image":{"@id":"https:\/\/mx.store.amadamadonna.com\/es\/tienda\/publicidad-en-mexico\/boletin-informativo\/#primaryimage"},"thumbnailUrl":"https:\/\/mx.store.amadamadonna.com\/es\/wp-content\/uploads\/sites\/3\/2023\/01\/boletin-informativo-en-amada-madonna-store-mx-es.png","datePublished":"2023-01-10T05:28:57+00:00","dateModified":"2023-01-13T21:57:47+00:00","description":"Tenemos una lista de suscriptores del mercado de las bodas, celebraciones y viajes en M\u00e9xico, se encarga precisamente de hacer una segmentaci\u00f3n del mercado.","breadcrumb":{"@id":"https:\/\/mx.store.amadamadonna.com\/es\/tienda\/publicidad-en-mexico\/boletin-informativo\/#breadcrumb"},"inLanguage":"es","potentialAction":[{"@type":"ReadAction","target":["https:\/\/mx.store.amadamadonna.com\/es\/tienda\/publicidad-en-mexico\/boletin-informativo\/"]}]},{"@type":"ImageObject","inLanguage":"es","@id":"https:\/\/mx.store.amadamadonna.com\/es\/tienda\/publicidad-en-mexico\/boletin-informativo\/#primaryimage","url":"https:\/\/mx.store.amadamadonna.com\/es\/wp-content\/uploads\/sites\/3\/2023\/01\/boletin-informativo-en-amada-madonna-store-mx-es.png","contentUrl":"https:\/\/mx.store.amadamadonna.com\/es\/wp-content\/uploads\/sites\/3\/2023\/01\/boletin-informativo-en-amada-madonna-store-mx-es.png","width":512,"height":512,"caption":"Bolet\u00edn informativo en Amada Madonna Store MX - ES."},{"@type":"BreadcrumbList","@id":"https:\/\/mx.store.amadamadonna.com\/es\/tienda\/publicidad-en-mexico\/boletin-informativo\/#breadcrumb","itemListElement":[{"@type":"ListItem","position":1,"name":"Home","item":"https:\/\/mx.store.amadamadonna.com\/es\/"},{"@type":"ListItem","position":2,"name":"Tienda","item":"https:\/\/mx.store.amadamadonna.com\/es\/tienda\/"},{"@type":"ListItem","position":3,"name":"Bolet\u00edn informativo"}]},{"@type":"WebSite","@id":"https:\/\/mx.store.amadamadonna.com\/es\/#website","url":"https:\/\/mx.store.amadamadonna.com\/es\/","name":"Amada Madonna Store MX - ES","description":"Tienda de la Liga de Bodas, Celebraciones y Viajes.","publisher":{"@id":"https:\/\/mx.store.amadamadonna.com\/es\/#organization"},"potentialAction":[{"@type":"SearchAction","target":{"@type":"EntryPoint","urlTemplate":"https:\/\/mx.store.amadamadonna.com\/es\/?s={search_term_string}"},"query-input":{"@type":"PropertyValueSpecification","valueRequired":true,"valueName":"search_term_string"}}],"inLanguage":"es"},{"@type":"Organization","@id":"https:\/\/mx.store.amadamadonna.com\/es\/#organization","name":"Empresa Amada Madonna","url":"https:\/\/mx.store.amadamadonna.com\/es\/","logo":{"@type":"ImageObject","inLanguage":"es","@id":"https:\/\/mx.store.amadamadonna.com\/es\/#\/schema\/logo\/image\/","url":"https:\/\/mx.store.amadamadonna.com\/es\/wp-content\/uploads\/sites\/3\/2023\/04\/amada-madonna-logotipo.png","contentUrl":"https:\/\/mx.store.amadamadonna.com\/es\/wp-content\/uploads\/sites\/3\/2023\/04\/amada-madonna-logotipo.png","width":512,"height":512,"caption":"Empresa Amada Madonna"},"image":{"@id":"https:\/\/mx.store.amadamadonna.com\/es\/#\/schema\/logo\/image\/"},"sameAs":["https:\/\/www.facebook.com\/amadamadonna","https:\/\/x.com\/amadamadonna"]}]}},"_links":{"self":[{"href":"https:\/\/mx.store.amadamadonna.com\/es\/wp-json\/wp\/v2\/product\/83","targetHints":{"allow":["GET"]}}],"collection":[{"href":"https:\/\/mx.store.amadamadonna.com\/es\/wp-json\/wp\/v2\/product"}],"about":[{"href":"https:\/\/mx.store.amadamadonna.com\/es\/wp-json\/wp\/v2\/types\/product"}],"replies":[{"embeddable":true,"href":"https:\/\/mx.store.amadamadonna.com\/es\/wp-json\/wp\/v2\/comments?post=83"}],"wp:featuredmedia":[{"embeddable":true,"href":"https:\/\/mx.store.amadamadonna.com\/es\/wp-json\/wp\/v2\/media\/60"}],"wp:attachment":[{"href":"https:\/\/mx.store.amadamadonna.com\/es\/wp-json\/wp\/v2\/media?parent=83"}],"wp:term":[{"taxonomy":"product_brand","embeddable":true,"href":"https:\/\/mx.store.amadamadonna.com\/es\/wp-json\/wp\/v2\/product_brand?post=83"},{"taxonomy":"product_cat","embeddable":true,"href":"https:\/\/mx.store.amadamadonna.com\/es\/wp-json\/wp\/v2\/product_cat?post=83"},{"taxonomy":"product_tag","embeddable":true,"href":"https:\/\/mx.store.amadamadonna.com\/es\/wp-json\/wp\/v2\/product_tag?post=83"}],"curies":[{"name":"wp","href":"https:\/\/api.w.org\/{rel}","templated":true}]}}