{"id":87,"date":"2023-01-10T05:38:13","date_gmt":"2023-01-10T05:38:13","guid":{"rendered":"https:\/\/mx.store.amadamadonna.com\/es\/?post_type=product&#038;p=87"},"modified":"2023-01-13T22:06:45","modified_gmt":"2023-01-13T22:06:45","slug":"evento-destacado","status":"publish","type":"product","link":"https:\/\/mx.store.amadamadonna.com\/es\/tienda\/publicidad-en-mexico\/evento-destacado\/","title":{"rendered":"Evento destacado"},"content":{"rendered":"<h3>Puntos fuertes.<\/h3>\n<ul>\n<li>Un <strong>&#8220;evento destacado&#8221;<\/strong> es un anuncio con m\u00e1xima prioridad de visibilidad, dentro de las secciones de <strong>&#8220;eventos para proveedores de bodas&#8221;<\/strong> en las p\u00e1ginas de los Estados y en las secciones correspondientes dentro del directorio tem\u00e1tico en cuesti\u00f3n.<\/li>\n<li>El anuncio se colocar\u00e1 aleatoriamente, donde se ubicar\u00e1 en la parte superior de las secciones correspondientes dentro del directorio tem\u00e1tico.<\/li>\n<li><span class=\"su-highlight\" style=\"background:#ddff99;color:#000000\">&nbsp;La vigencia la establece el propietario del anuncio&nbsp;<\/span>, la cual ser\u00e1 igual a la fecha de celebraci\u00f3n del evento. Es decir, el anuncio caducar\u00e1 el d\u00eda de la celebraci\u00f3n del evento o hasta el usuario cancele el anuncio.<\/li>\n<\/ul>\n<h4>Incrementa las posibilidades de obtener m\u00e1s participantes para el evento.<\/h4>\n<p>Los directorios tem\u00e1ticos de la Empresa Amada Madonna son los lugares donde se re\u00fanen los proveedores de bodas en M\u00e9xico. Con un anuncio denominado como <strong>\u201cevento destacado\u201d<\/strong>, puedes aumentar tus posibilidades para obtener m\u00e1s participantes de parte de los profesionales de bodas, celebraciones o viajes; del sector del mercado correspondiente.<\/p>\n<p>Este servicio <span class=\"su-highlight\" style=\"background:#ddff99;color:#000000\">&nbsp;es adecuado para ayudar a los organizadores de eventos con su trabajo&nbsp;<\/span>, al momento de obtener m\u00e1s participantes de acuerdo al p\u00fablico objetivo del evento en cuesti\u00f3n. Sin embargo, los organizadores de eventos tambi\u00e9n pueden optar por este servicio para as\u00ed generar m\u00e1s publicidad y difusi\u00f3n para sus eventos.<\/p>\n","protected":false},"excerpt":{"rendered":"<h2>Informaci\u00f3n preliminar.<\/h2>\n<ul>\n<li>Este anuncio de <strong>&#8220;evento destacado&#8221;<\/strong> puede aplicarse en cualquiera de los directorios tem\u00e1ticos de M\u00e9xico que pertenecen a la Empresa Amada Madonna, <span class=\"su-highlight\" style=\"background:#ddff99;color:#000000\">&nbsp;para los proveedores de bodas y para las parejas de bodas&nbsp;<\/span>.<\/li>\n<\/ul>\n<h3>Acerca del precio y las opciones de compra.<\/h3>\n<ul>\n<li><span class=\"su-label su-label-type-important\">Divisa<\/span> Los precios est\u00e1n expresados en <strong>Pesos Mexicanos MXN<\/strong>.<\/li>\n<li>Para conocer los medios de pago de la ficha de este producto, consulta la pesta\u00f1a de: <strong>\u00bfC\u00f3mo comprar?<\/strong><\/li>\n<\/ul>\n","protected":false},"featured_media":62,"comment_status":"open","ping_status":"closed","template":"","meta":{"_acf_changed":false},"product_brand":[],"product_cat":[21],"product_tag":[23,24],"class_list":{"0":"post-87","1":"product","2":"type-product","3":"status-publish","4":"has-post-thumbnail","6":"product_cat-publicidad-en-mexico","7":"product_tag-parejas-de-bodas","8":"product_tag-proveedores-de-bodas","10":"first","11":"instock","12":"shipping-taxable","13":"purchasable","14":"product-type-variable"},"acf":[],"yoast_head":"<!-- This site is optimized with the Yoast SEO plugin v27.6 - https:\/\/yoast.com\/product\/yoast-seo-wordpress\/ -->\n<title>Evento destacado - Amada Madonna Store MX - ES<\/title>\n<meta name=\"description\" content=\"Con un anuncio de evento destacado, puedes obtener m\u00e1s participantes de parte de los profesionales de bodas, celebraciones o viajes.\" \/>\n<meta name=\"robots\" content=\"index, follow, max-snippet:-1, max-image-preview:large, max-video-preview:-1\" \/>\n<link rel=\"canonical\" href=\"https:\/\/mx.store.amadamadonna.com\/es\/tienda\/publicidad-en-mexico\/evento-destacado\/\" \/>\n<meta property=\"og:locale\" content=\"es_ES\" \/>\n<meta property=\"og:type\" content=\"article\" \/>\n<meta property=\"og:title\" content=\"Evento destacado - Amada Madonna Store MX - ES\" \/>\n<meta property=\"og:description\" content=\"Con un anuncio de evento destacado, puedes obtener m\u00e1s participantes de parte de los profesionales de bodas, celebraciones o viajes.\" \/>\n<meta property=\"og:url\" content=\"https:\/\/mx.store.amadamadonna.com\/es\/tienda\/publicidad-en-mexico\/evento-destacado\/\" \/>\n<meta property=\"og:site_name\" content=\"Amada Madonna Store MX - ES\" \/>\n<meta property=\"article:publisher\" content=\"https:\/\/www.facebook.com\/amadamadonna\" \/>\n<meta property=\"article:modified_time\" content=\"2023-01-13T22:06:45+00:00\" \/>\n<meta property=\"og:image\" content=\"https:\/\/mx.store.amadamadonna.com\/es\/wp-content\/uploads\/sites\/3\/2023\/01\/evento-destacado-para-un-mercado-en-amada-madonna-store-mx-es.png\" \/>\n\t<meta property=\"og:image:width\" content=\"512\" \/>\n\t<meta property=\"og:image:height\" content=\"512\" \/>\n\t<meta property=\"og:image:type\" content=\"image\/png\" \/>\n<meta name=\"twitter:card\" content=\"summary_large_image\" \/>\n<meta name=\"twitter:site\" content=\"@amadamadonna\" \/>\n<meta name=\"twitter:label1\" content=\"Tiempo de lectura\" \/>\n\t<meta name=\"twitter:data1\" content=\"1 minuto\" \/>\n<script type=\"application\/ld+json\" class=\"yoast-schema-graph\">{\"@context\":\"https:\\\/\\\/schema.org\",\"@graph\":[{\"@type\":\"WebPage\",\"@id\":\"https:\\\/\\\/mx.store.amadamadonna.com\\\/es\\\/tienda\\\/publicidad-en-mexico\\\/evento-destacado\\\/\",\"url\":\"https:\\\/\\\/mx.store.amadamadonna.com\\\/es\\\/tienda\\\/publicidad-en-mexico\\\/evento-destacado\\\/\",\"name\":\"Evento destacado - Amada Madonna Store MX - ES\",\"isPartOf\":{\"@id\":\"https:\\\/\\\/mx.store.amadamadonna.com\\\/es\\\/#website\"},\"primaryImageOfPage\":{\"@id\":\"https:\\\/\\\/mx.store.amadamadonna.com\\\/es\\\/tienda\\\/publicidad-en-mexico\\\/evento-destacado\\\/#primaryimage\"},\"image\":{\"@id\":\"https:\\\/\\\/mx.store.amadamadonna.com\\\/es\\\/tienda\\\/publicidad-en-mexico\\\/evento-destacado\\\/#primaryimage\"},\"thumbnailUrl\":\"https:\\\/\\\/mx.store.amadamadonna.com\\\/es\\\/wp-content\\\/uploads\\\/sites\\\/3\\\/2023\\\/01\\\/evento-destacado-para-un-mercado-en-amada-madonna-store-mx-es.png\",\"datePublished\":\"2023-01-10T05:38:13+00:00\",\"dateModified\":\"2023-01-13T22:06:45+00:00\",\"description\":\"Con un anuncio de evento destacado, puedes obtener m\u00e1s participantes de parte de los profesionales de bodas, celebraciones o viajes.\",\"breadcrumb\":{\"@id\":\"https:\\\/\\\/mx.store.amadamadonna.com\\\/es\\\/tienda\\\/publicidad-en-mexico\\\/evento-destacado\\\/#breadcrumb\"},\"inLanguage\":\"es\",\"potentialAction\":[{\"@type\":\"ReadAction\",\"target\":[\"https:\\\/\\\/mx.store.amadamadonna.com\\\/es\\\/tienda\\\/publicidad-en-mexico\\\/evento-destacado\\\/\"]}]},{\"@type\":\"ImageObject\",\"inLanguage\":\"es\",\"@id\":\"https:\\\/\\\/mx.store.amadamadonna.com\\\/es\\\/tienda\\\/publicidad-en-mexico\\\/evento-destacado\\\/#primaryimage\",\"url\":\"https:\\\/\\\/mx.store.amadamadonna.com\\\/es\\\/wp-content\\\/uploads\\\/sites\\\/3\\\/2023\\\/01\\\/evento-destacado-para-un-mercado-en-amada-madonna-store-mx-es.png\",\"contentUrl\":\"https:\\\/\\\/mx.store.amadamadonna.com\\\/es\\\/wp-content\\\/uploads\\\/sites\\\/3\\\/2023\\\/01\\\/evento-destacado-para-un-mercado-en-amada-madonna-store-mx-es.png\",\"width\":512,\"height\":512,\"caption\":\"Evento destacado para un mercado en Amada Madonna Store MX - ES.\"},{\"@type\":\"BreadcrumbList\",\"@id\":\"https:\\\/\\\/mx.store.amadamadonna.com\\\/es\\\/tienda\\\/publicidad-en-mexico\\\/evento-destacado\\\/#breadcrumb\",\"itemListElement\":[{\"@type\":\"ListItem\",\"position\":1,\"name\":\"Home\",\"item\":\"https:\\\/\\\/mx.store.amadamadonna.com\\\/es\\\/\"},{\"@type\":\"ListItem\",\"position\":2,\"name\":\"Tienda\",\"item\":\"https:\\\/\\\/mx.store.amadamadonna.com\\\/es\\\/tienda\\\/\"},{\"@type\":\"ListItem\",\"position\":3,\"name\":\"Evento destacado\"}]},{\"@type\":\"WebSite\",\"@id\":\"https:\\\/\\\/mx.store.amadamadonna.com\\\/es\\\/#website\",\"url\":\"https:\\\/\\\/mx.store.amadamadonna.com\\\/es\\\/\",\"name\":\"Amada Madonna Store MX - ES\",\"description\":\"Tienda de la Liga de Bodas, Celebraciones y Viajes.\",\"publisher\":{\"@id\":\"https:\\\/\\\/mx.store.amadamadonna.com\\\/es\\\/#organization\"},\"potentialAction\":[{\"@type\":\"SearchAction\",\"target\":{\"@type\":\"EntryPoint\",\"urlTemplate\":\"https:\\\/\\\/mx.store.amadamadonna.com\\\/es\\\/?s={search_term_string}\"},\"query-input\":{\"@type\":\"PropertyValueSpecification\",\"valueRequired\":true,\"valueName\":\"search_term_string\"}}],\"inLanguage\":\"es\"},{\"@type\":\"Organization\",\"@id\":\"https:\\\/\\\/mx.store.amadamadonna.com\\\/es\\\/#organization\",\"name\":\"Empresa Amada Madonna\",\"url\":\"https:\\\/\\\/mx.store.amadamadonna.com\\\/es\\\/\",\"logo\":{\"@type\":\"ImageObject\",\"inLanguage\":\"es\",\"@id\":\"https:\\\/\\\/mx.store.amadamadonna.com\\\/es\\\/#\\\/schema\\\/logo\\\/image\\\/\",\"url\":\"https:\\\/\\\/mx.store.amadamadonna.com\\\/es\\\/wp-content\\\/uploads\\\/sites\\\/3\\\/2023\\\/04\\\/amada-madonna-logotipo.png\",\"contentUrl\":\"https:\\\/\\\/mx.store.amadamadonna.com\\\/es\\\/wp-content\\\/uploads\\\/sites\\\/3\\\/2023\\\/04\\\/amada-madonna-logotipo.png\",\"width\":512,\"height\":512,\"caption\":\"Empresa Amada Madonna\"},\"image\":{\"@id\":\"https:\\\/\\\/mx.store.amadamadonna.com\\\/es\\\/#\\\/schema\\\/logo\\\/image\\\/\"},\"sameAs\":[\"https:\\\/\\\/www.facebook.com\\\/amadamadonna\",\"https:\\\/\\\/x.com\\\/amadamadonna\"]}]}<\/script>\n<!-- \/ Yoast SEO plugin. -->","yoast_head_json":{"title":"Evento destacado - Amada Madonna Store MX - ES","description":"Con un anuncio de evento destacado, puedes obtener m\u00e1s participantes de parte de los profesionales de bodas, celebraciones o viajes.","robots":{"index":"index","follow":"follow","max-snippet":"max-snippet:-1","max-image-preview":"max-image-preview:large","max-video-preview":"max-video-preview:-1"},"canonical":"https:\/\/mx.store.amadamadonna.com\/es\/tienda\/publicidad-en-mexico\/evento-destacado\/","og_locale":"es_ES","og_type":"article","og_title":"Evento destacado - Amada Madonna Store MX - ES","og_description":"Con un anuncio de evento destacado, puedes obtener m\u00e1s participantes de parte de los profesionales de bodas, celebraciones o viajes.","og_url":"https:\/\/mx.store.amadamadonna.com\/es\/tienda\/publicidad-en-mexico\/evento-destacado\/","og_site_name":"Amada Madonna Store MX - ES","article_publisher":"https:\/\/www.facebook.com\/amadamadonna","article_modified_time":"2023-01-13T22:06:45+00:00","og_image":[{"width":512,"height":512,"url":"https:\/\/mx.store.amadamadonna.com\/es\/wp-content\/uploads\/sites\/3\/2023\/01\/evento-destacado-para-un-mercado-en-amada-madonna-store-mx-es.png","type":"image\/png"}],"twitter_card":"summary_large_image","twitter_site":"@amadamadonna","twitter_misc":{"Tiempo de lectura":"1 minuto"},"schema":{"@context":"https:\/\/schema.org","@graph":[{"@type":"WebPage","@id":"https:\/\/mx.store.amadamadonna.com\/es\/tienda\/publicidad-en-mexico\/evento-destacado\/","url":"https:\/\/mx.store.amadamadonna.com\/es\/tienda\/publicidad-en-mexico\/evento-destacado\/","name":"Evento destacado - Amada Madonna Store MX - ES","isPartOf":{"@id":"https:\/\/mx.store.amadamadonna.com\/es\/#website"},"primaryImageOfPage":{"@id":"https:\/\/mx.store.amadamadonna.com\/es\/tienda\/publicidad-en-mexico\/evento-destacado\/#primaryimage"},"image":{"@id":"https:\/\/mx.store.amadamadonna.com\/es\/tienda\/publicidad-en-mexico\/evento-destacado\/#primaryimage"},"thumbnailUrl":"https:\/\/mx.store.amadamadonna.com\/es\/wp-content\/uploads\/sites\/3\/2023\/01\/evento-destacado-para-un-mercado-en-amada-madonna-store-mx-es.png","datePublished":"2023-01-10T05:38:13+00:00","dateModified":"2023-01-13T22:06:45+00:00","description":"Con un anuncio de evento destacado, puedes obtener m\u00e1s participantes de parte de los profesionales de bodas, celebraciones o viajes.","breadcrumb":{"@id":"https:\/\/mx.store.amadamadonna.com\/es\/tienda\/publicidad-en-mexico\/evento-destacado\/#breadcrumb"},"inLanguage":"es","potentialAction":[{"@type":"ReadAction","target":["https:\/\/mx.store.amadamadonna.com\/es\/tienda\/publicidad-en-mexico\/evento-destacado\/"]}]},{"@type":"ImageObject","inLanguage":"es","@id":"https:\/\/mx.store.amadamadonna.com\/es\/tienda\/publicidad-en-mexico\/evento-destacado\/#primaryimage","url":"https:\/\/mx.store.amadamadonna.com\/es\/wp-content\/uploads\/sites\/3\/2023\/01\/evento-destacado-para-un-mercado-en-amada-madonna-store-mx-es.png","contentUrl":"https:\/\/mx.store.amadamadonna.com\/es\/wp-content\/uploads\/sites\/3\/2023\/01\/evento-destacado-para-un-mercado-en-amada-madonna-store-mx-es.png","width":512,"height":512,"caption":"Evento destacado para un mercado en Amada Madonna Store MX - ES."},{"@type":"BreadcrumbList","@id":"https:\/\/mx.store.amadamadonna.com\/es\/tienda\/publicidad-en-mexico\/evento-destacado\/#breadcrumb","itemListElement":[{"@type":"ListItem","position":1,"name":"Home","item":"https:\/\/mx.store.amadamadonna.com\/es\/"},{"@type":"ListItem","position":2,"name":"Tienda","item":"https:\/\/mx.store.amadamadonna.com\/es\/tienda\/"},{"@type":"ListItem","position":3,"name":"Evento destacado"}]},{"@type":"WebSite","@id":"https:\/\/mx.store.amadamadonna.com\/es\/#website","url":"https:\/\/mx.store.amadamadonna.com\/es\/","name":"Amada Madonna Store MX - ES","description":"Tienda de la Liga de Bodas, Celebraciones y Viajes.","publisher":{"@id":"https:\/\/mx.store.amadamadonna.com\/es\/#organization"},"potentialAction":[{"@type":"SearchAction","target":{"@type":"EntryPoint","urlTemplate":"https:\/\/mx.store.amadamadonna.com\/es\/?s={search_term_string}"},"query-input":{"@type":"PropertyValueSpecification","valueRequired":true,"valueName":"search_term_string"}}],"inLanguage":"es"},{"@type":"Organization","@id":"https:\/\/mx.store.amadamadonna.com\/es\/#organization","name":"Empresa Amada Madonna","url":"https:\/\/mx.store.amadamadonna.com\/es\/","logo":{"@type":"ImageObject","inLanguage":"es","@id":"https:\/\/mx.store.amadamadonna.com\/es\/#\/schema\/logo\/image\/","url":"https:\/\/mx.store.amadamadonna.com\/es\/wp-content\/uploads\/sites\/3\/2023\/04\/amada-madonna-logotipo.png","contentUrl":"https:\/\/mx.store.amadamadonna.com\/es\/wp-content\/uploads\/sites\/3\/2023\/04\/amada-madonna-logotipo.png","width":512,"height":512,"caption":"Empresa Amada Madonna"},"image":{"@id":"https:\/\/mx.store.amadamadonna.com\/es\/#\/schema\/logo\/image\/"},"sameAs":["https:\/\/www.facebook.com\/amadamadonna","https:\/\/x.com\/amadamadonna"]}]}},"_links":{"self":[{"href":"https:\/\/mx.store.amadamadonna.com\/es\/wp-json\/wp\/v2\/product\/87","targetHints":{"allow":["GET"]}}],"collection":[{"href":"https:\/\/mx.store.amadamadonna.com\/es\/wp-json\/wp\/v2\/product"}],"about":[{"href":"https:\/\/mx.store.amadamadonna.com\/es\/wp-json\/wp\/v2\/types\/product"}],"replies":[{"embeddable":true,"href":"https:\/\/mx.store.amadamadonna.com\/es\/wp-json\/wp\/v2\/comments?post=87"}],"wp:featuredmedia":[{"embeddable":true,"href":"https:\/\/mx.store.amadamadonna.com\/es\/wp-json\/wp\/v2\/media\/62"}],"wp:attachment":[{"href":"https:\/\/mx.store.amadamadonna.com\/es\/wp-json\/wp\/v2\/media?parent=87"}],"wp:term":[{"taxonomy":"product_brand","embeddable":true,"href":"https:\/\/mx.store.amadamadonna.com\/es\/wp-json\/wp\/v2\/product_brand?post=87"},{"taxonomy":"product_cat","embeddable":true,"href":"https:\/\/mx.store.amadamadonna.com\/es\/wp-json\/wp\/v2\/product_cat?post=87"},{"taxonomy":"product_tag","embeddable":true,"href":"https:\/\/mx.store.amadamadonna.com\/es\/wp-json\/wp\/v2\/product_tag?post=87"}],"curies":[{"name":"wp","href":"https:\/\/api.w.org\/{rel}","templated":true}]}}